

{"id":12,"date":"2016-04-25T14:29:57","date_gmt":"2016-04-25T11:29:57","guid":{"rendered":"http:\/\/landscaping.thimpress.com\/?page_id=12"},"modified":"2022-10-26T19:51:09","modified_gmt":"2022-10-26T16:51:09","slug":"kontaktai","status":"publish","type":"page","link":"https:\/\/laistau.lt\/?page_id=12","title":{"rendered":"Kontaktai"},"content":{"rendered":"<div id=\"pl-12\"  class=\"panel-layout\" ><div id=\"pg-12-0\"  class=\"panel-grid panel-has-style\" ><div class=\"thim-bg-tile panel-row-style panel-row-style-for-12-0\" ><div id=\"pgc-12-0-0\"  class=\"panel-grid-cell\" ><div id=\"panel-12-0-0-0\" class=\"so-panel widget widget_heading panel-first-child\" data-index=\"0\" ><div class=\"thim-widget-heading thim-widget-heading-base template-base\"><div class=\"thim-heading text-left \"><div class=\"sc-heading article_heading \" style=\";\"><h3 class=\"heading__primary wrapper-line-heading\"><span><\/span><span class=\"title-text\">Si\u0173sti <span>\u017dinut\u0119<\/span><\/span><span><\/span><\/h3><span class=\"line-heading\"  style=\"border-color: \"><\/span><\/div><\/div><\/div><\/div><div id=\"panel-12-0-0-1\" class=\"so-panel widget widget_text panel-last-child\" data-index=\"1\" ><div class=\"panel-widget-style panel-widget-style-for-12-0-0-1\" >\t\t\t<div class=\"textwidget\"><p>Turite klausim\u0173? Nedvejodami susisiekite su manimi.<\/p>\n<\/div>\n\t\t<\/div><\/div><\/div><div id=\"pgc-12-0-1\"  class=\"panel-grid-cell\" ><div id=\"panel-12-0-1-0\" class=\"so-panel widget widget_siteorigin-panels-builder panel-first-child\" data-index=\"2\" ><div class=\"panel-widget-style panel-widget-style-for-12-0-1-0\" ><div id=\"pl-w60339ad2081f1\"  class=\"panel-layout\" ><div id=\"pg-w60339ad2081f1-0\"  class=\"panel-grid panel-no-style\" ><div id=\"pgc-w60339ad2081f1-0-0\"  class=\"panel-grid-cell\" ><div id=\"panel-w60339ad2081f1-0-0-0\" class=\"so-panel widget widget_heading panel-first-child\" data-index=\"0\" ><div class=\"thim-widget-heading thim-widget-heading-base template-base\"><div class=\"thim-heading text-left \"><div class=\"sc-heading article_heading \" style=\";\"><h3 class=\"heading__primary wrapper-line-heading\"><span><\/span><span class=\"title-text\">Kontaktin\u0117 <span>Info<\/span><\/span><span><\/span><\/h3><span class=\"line-heading\"  style=\"border-color: \"><\/span><\/div><\/div><\/div><\/div><div id=\"panel-w60339ad2081f1-0-0-1\" class=\"so-panel widget widget_sow-editor panel-last-child\" data-index=\"1\" ><div class=\"so-widget-sow-editor so-widget-sow-editor-base\">\r\n<div class=\"siteorigin-widget-tinymce textwidget\">\r\n\t<p>Taip pat aktyviai dirbu socialiniuose tinkluose. Mane rasite \u017eemiau nurodytu adresu.<\/p>\n<ul class=\"thim-list-style-1\">\n<li><i class=\"fa fa-phone\"><\/i> <a href=\"tel:37060939830\"><span class=\"contact_info\">+370 609 39830<\/span><\/a><\/li>\n<li><i class=\"fa fa-envelope\"><\/i> <a href=\"mailto:info@laistau.lt\"><span class=\"contact_info\">info@laistau.lt<\/span><\/a><\/li>\n<li><i class=\"fa fa-map-marker\"><\/i> <a href=\"https:\/\/g.page\/Laistymas?share\"><span class=\"contact_info\">Klev\u0173 g. 10-1, Noreiki\u0161k\u0117s, Kauno r. 53363 Lietuva<\/span><\/a><\/li>\n<li><i class=\"fa fa-facebook\"><\/i> <a href=\"https:\/\/facebook.com\/Laistymas\"><span class=\"contact_info\">laistau.lt - facebook<\/span><\/a><\/li>\n<\/ul>\n<\/div>\r\n<\/div><\/div><\/div><\/div><\/div><\/div><\/div><div id=\"panel-12-0-1-1\" class=\"so-panel widget widget_siteorigin-panels-builder panel-last-child\" data-index=\"3\" ><div class=\"panel-widget-style panel-widget-style-for-12-0-1-1\" ><div id=\"pl-w60339a9823bd7\"  class=\"panel-layout\" ><div id=\"pg-w60339a9823bd7-0\"  class=\"panel-grid panel-no-style\" ><div id=\"pgc-w60339a9823bd7-0-0\"  class=\"panel-grid-cell\" ><div id=\"panel-w60339a9823bd7-0-0-0\" class=\"so-panel widget widget_heading panel-first-child\" data-index=\"0\" ><div class=\"thim-widget-heading thim-widget-heading-base template-base\"><div class=\"thim-heading text-left \"><div class=\"sc-heading article_heading \" style=\";\"><h3 class=\"heading__primary wrapper-line-heading\"><span><\/span><span class=\"title-text\">Darbo <span>laikas<\/span><\/span><span><\/span><\/h3><span class=\"line-heading\"  style=\"border-color: \"><\/span><\/div><\/div><\/div><\/div><div id=\"panel-w60339a9823bd7-0-0-1\" class=\"so-panel widget widget_text panel-last-child\" data-index=\"1\" ><div class=\"panel-widget-style panel-widget-style-for-w60339a9823bd7-0-0-1\" >\t\t\t<div class=\"textwidget\"><ul class=\"thim-list-style-2\">\n<li class=\"focus\"><span>Pirmadienis<\/span><span><\/span><span> 9:00 - 18:00<\/span><\/li>\n<li><span>Antradienis<\/span><span><\/span><span> 9:00 - 18:00<\/span><\/li>\n<li><span>Tre\u010diadienis<\/span><span><\/span><span> 9:00 - 18:00<\/span><\/li>\n<li><span>Ketvirtadienis<\/span><span><\/span><span> 9:00 - 18:00<\/span><\/li>\n<li><span>Penktadienis<\/span><span><\/span><span> 9:00 - 18:00<\/span><\/li>\n<li><span>\u0160e\u0161tadienis<\/span><span><\/span><span> 10:00 - 15:00<\/span><\/li>\n<li><span>Sekmadienis<\/span><span><\/span><span> NEDIRBU<\/span><\/li>\n<\/ul><\/div>\n\t\t<\/div><\/div><\/div><\/div><\/div><\/div><\/div><\/div><\/div><\/div><\/div>","protected":false},"excerpt":{"rendered":"<p>Turite klausim\u0173? Nedvejodami susisiekite su manimi.<\/p>\n","protected":false},"author":1,"featured_media":0,"parent":0,"menu_order":0,"comment_status":"closed","ping_status":"closed","template":"","meta":{"footnotes":""},"class_list":["post-12","page","type-page","status-publish","hentry"],"_links":{"self":[{"href":"https:\/\/laistau.lt\/index.php?rest_route=\/wp\/v2\/pages\/12","targetHints":{"allow":["GET"]}}],"collection":[{"href":"https:\/\/laistau.lt\/index.php?rest_route=\/wp\/v2\/pages"}],"about":[{"href":"https:\/\/laistau.lt\/index.php?rest_route=\/wp\/v2\/types\/page"}],"author":[{"embeddable":true,"href":"https:\/\/laistau.lt\/index.php?rest_route=\/wp\/v2\/users\/1"}],"replies":[{"embeddable":true,"href":"https:\/\/laistau.lt\/index.php?rest_route=%2Fwp%2Fv2%2Fcomments&post=12"}],"version-history":[{"count":27,"href":"https:\/\/laistau.lt\/index.php?rest_route=\/wp\/v2\/pages\/12\/revisions"}],"predecessor-version":[{"id":7169,"href":"https:\/\/laistau.lt\/index.php?rest_route=\/wp\/v2\/pages\/12\/revisions\/7169"}],"wp:attachment":[{"href":"https:\/\/laistau.lt\/index.php?rest_route=%2Fwp%2Fv2%2Fmedia&parent=12"}],"curies":[{"name":"wp","href":"https:\/\/api.w.org\/{rel}","templated":true}]}}