

{"id":199,"date":"2016-05-04T10:39:09","date_gmt":"2016-05-04T03:39:09","guid":{"rendered":"http:\/\/landscaping.thimpress.com\/?page_id=199"},"modified":"2021-03-08T19:36:01","modified_gmt":"2021-03-08T17:36:01","slug":"our-team","status":"publish","type":"page","link":"https:\/\/laistau.lt\/?page_id=199","title":{"rendered":"Foto Galerija"},"content":{"rendered":"<div id=\"pl-199\"  class=\"panel-layout\" ><div id=\"pg-199-0\"  class=\"panel-grid panel-has-style\" ><div class=\"thim-bg-tile panel-row-style panel-row-style-for-199-0\" ><div id=\"pgc-199-0-0\"  class=\"panel-grid-cell\" ><div id=\"panel-199-0-0-0\" class=\"so-panel widget widget_text panel-first-child panel-last-child\" data-index=\"0\" >\t\t\t<div class=\"textwidget\">\r\n\t\t<div class=\"aigpl-gallery-album-wrp aigpl-gallery-album aigpl-clearfix aigpl-album-design-1 \" id=\"aigpl-gallery-1\">\r\n\r\n\t\t\r\n<div class=\"aigpl-cnt-wrp aigpl-col-3 aigpl-columns aigpl-first\">\r\n\t<div class=\"aigpl-inr-wrp\">\r\n\r\n\t\t<div class=\"aigpl-img-wrp\" style=\"\">\r\n\t\t\t<a class=\"aigpl-img-link\" href=\"\/index.php?rest_route=%2Fwp%2Fv2%2Fpages%2F199&#038;album=7111&#038;album_ses=1#aigpl-album-gallery-1\" target=\"_self\">\r\n\t\t\t\t\t\t\t\t<img decoding=\"async\" class=\"aigpl-img\"  src=\"https:\/\/laistau.lt\/wp-content\/uploads\/2021\/03\/20201013_145402.jpg\" alt=\"PASTATOMI VANDENS HIDRANTAI\" \/>\r\n\t\t\t\t\t\t\t<\/a>\r\n\t\t<\/div>\r\n\r\n\t\t\t\t\t<a class=\"aigpl-img-link\" href=\"\/index.php?rest_route=%2Fwp%2Fv2%2Fpages%2F199&#038;album=7111&#038;album_ses=1#aigpl-album-gallery-1\" target=\"_self\">\r\n\t\t\t\t<div class=\"aigpl-img-title aigpl-center\">PASTATOMI VANDENS HIDRANTAI<\/div>\r\n\t\t\t<\/a>\r\n\t\t\t\t<div class=\"aigpl-img-count aigpl-center\">5 Photos<\/div>\r\n\t\t\t<\/div>\r\n<\/div>\r\n<div class=\"aigpl-cnt-wrp aigpl-col-3 aigpl-columns\">\r\n\t<div class=\"aigpl-inr-wrp\">\r\n\r\n\t\t<div class=\"aigpl-img-wrp\" style=\"\">\r\n\t\t\t<a class=\"aigpl-img-link\" href=\"\/index.php?rest_route=%2Fwp%2Fv2%2Fpages%2F199&#038;album=7102&#038;album_ses=1#aigpl-album-gallery-1\" target=\"_self\">\r\n\t\t\t\t\t\t\t\t<img decoding=\"async\" class=\"aigpl-img\"  src=\"https:\/\/laistau.lt\/wp-content\/uploads\/2021\/03\/20190712_105355.jpg\" alt=\"VEJOS IR AUGAL\u0172 LAISTYMO SISTEMA. Laistymo sistema \u012frengta jau augan\u010dioje vejoje. Augalams ir dar\u017eui \u012frengtas kapiliarinis laistymas. Su laistymo sistema Lietuvoje ir arb\u016bzai auga!\" \/>\r\n\t\t\t\t\t\t\t<\/a>\r\n\t\t<\/div>\r\n\r\n\t\t\t\t\t<a class=\"aigpl-img-link\" href=\"\/index.php?rest_route=%2Fwp%2Fv2%2Fpages%2F199&#038;album=7102&#038;album_ses=1#aigpl-album-gallery-1\" target=\"_self\">\r\n\t\t\t\t<div class=\"aigpl-img-title aigpl-center\">VEJOS IR AUGAL\u0172 LAISTYMO SISTEMA. Laistymo sistema \u012frengta jau augan\u010dioje vejoje. Augalams ir dar\u017eui \u012frengtas kapiliarinis laistymas. Su laistymo sistema Lietuvoje ir arb\u016bzai auga!<\/div>\r\n\t\t\t<\/a>\r\n\t\t\t\t<div class=\"aigpl-img-count aigpl-center\">8 Photos<\/div>\r\n\t\t\t<\/div>\r\n<\/div>\r\n<div class=\"aigpl-cnt-wrp aigpl-col-3 aigpl-columns\">\r\n\t<div class=\"aigpl-inr-wrp\">\r\n\r\n\t\t<div class=\"aigpl-img-wrp\" style=\"\">\r\n\t\t\t<a class=\"aigpl-img-link\" href=\"\/index.php?rest_route=%2Fwp%2Fv2%2Fpages%2F199&#038;album=7085&#038;album_ses=1#aigpl-album-gallery-1\" target=\"_self\">\r\n\t\t\t\t\t\t\t\t<img decoding=\"async\" class=\"aigpl-img\"  src=\"https:\/\/laistau.lt\/wp-content\/uploads\/2021\/03\/20160516_172130.jpg\" alt=\"VEJOS LAISTYMO SISTEMA. Vejos laistymo purk\u0161tuk\u0173 sistema. \u012erengta jau augan\u010dioje vejoje, nema\u017ea atkarpa vamzd\u017ei\u0173 pravesta po trinkel\u0117mis.\" \/>\r\n\t\t\t\t\t\t\t<\/a>\r\n\t\t<\/div>\r\n\r\n\t\t\t\t\t<a class=\"aigpl-img-link\" href=\"\/index.php?rest_route=%2Fwp%2Fv2%2Fpages%2F199&#038;album=7085&#038;album_ses=1#aigpl-album-gallery-1\" target=\"_self\">\r\n\t\t\t\t<div class=\"aigpl-img-title aigpl-center\">VEJOS LAISTYMO SISTEMA. Vejos laistymo purk\u0161tuk\u0173 sistema. \u012erengta jau augan\u010dioje vejoje, nema\u017ea atkarpa vamzd\u017ei\u0173 pravesta po trinkel\u0117mis.<\/div>\r\n\t\t\t<\/a>\r\n\t\t\t\t<div class=\"aigpl-img-count aigpl-center\">16 Photos<\/div>\r\n\t\t\t<\/div>\r\n<\/div>\r\n<div class=\"aigpl-cnt-wrp aigpl-col-3 aigpl-columns aigpl-first\">\r\n\t<div class=\"aigpl-inr-wrp\">\r\n\r\n\t\t<div class=\"aigpl-img-wrp\" style=\"\">\r\n\t\t\t<a class=\"aigpl-img-link\" href=\"\/index.php?rest_route=%2Fwp%2Fv2%2Fpages%2F199&#038;album=7079&#038;album_ses=1#aigpl-album-gallery-1\" target=\"_self\">\r\n\t\t\t\t\t\t\t\t<img decoding=\"async\" class=\"aigpl-img\"  src=\"https:\/\/laistau.lt\/wp-content\/uploads\/2021\/03\/20200526_151533.jpg\" alt=\"VEJOS LAISTYMO SISTEMA. Vejos purk\u0161tuk\u0173 laistymo sistema, irengta jau augan\u010dioje vejoje.\" \/>\r\n\t\t\t\t\t\t\t<\/a>\r\n\t\t<\/div>\r\n\r\n\t\t\t\t\t<a class=\"aigpl-img-link\" href=\"\/index.php?rest_route=%2Fwp%2Fv2%2Fpages%2F199&#038;album=7079&#038;album_ses=1#aigpl-album-gallery-1\" target=\"_self\">\r\n\t\t\t\t<div class=\"aigpl-img-title aigpl-center\">VEJOS LAISTYMO SISTEMA. Vejos purk\u0161tuk\u0173 laistymo sistema, irengta jau augan\u010dioje vejoje.<\/div>\r\n\t\t\t<\/a>\r\n\t\t\t\t<div class=\"aigpl-img-count aigpl-center\">5 Photos<\/div>\r\n\t\t\t<\/div>\r\n<\/div>\r\n<div class=\"aigpl-cnt-wrp aigpl-col-3 aigpl-columns\">\r\n\t<div class=\"aigpl-inr-wrp\">\r\n\r\n\t\t<div class=\"aigpl-img-wrp\" style=\"\">\r\n\t\t\t<a class=\"aigpl-img-link\" href=\"\/index.php?rest_route=%2Fwp%2Fv2%2Fpages%2F199&#038;album=7073&#038;album_ses=1#aigpl-album-gallery-1\" target=\"_self\">\r\n\t\t\t\t\t\t\t\t<img decoding=\"async\" class=\"aigpl-img\"  src=\"https:\/\/laistau.lt\/wp-content\/uploads\/2021\/03\/20170515_165040.jpg\" alt=\"\u0160ILTNAMIO IR DAR\u017dO LAISTYMO SISTEMA. \u0160iltnamio ir dar\u017eo kapiliarinio laistymo . \u012erengtas vandens filtras ir baterinis valdiklis.\" \/>\r\n\t\t\t\t\t\t\t<\/a>\r\n\t\t<\/div>\r\n\r\n\t\t\t\t\t<a class=\"aigpl-img-link\" href=\"\/index.php?rest_route=%2Fwp%2Fv2%2Fpages%2F199&#038;album=7073&#038;album_ses=1#aigpl-album-gallery-1\" target=\"_self\">\r\n\t\t\t\t<div class=\"aigpl-img-title aigpl-center\">\u0160ILTNAMIO IR DAR\u017dO LAISTYMO SISTEMA. \u0160iltnamio ir dar\u017eo kapiliarinio laistymo . \u012erengtas vandens filtras ir baterinis valdiklis.<\/div>\r\n\t\t\t<\/a>\r\n\t\t\t\t<div class=\"aigpl-img-count aigpl-center\">5 Photos<\/div>\r\n\t\t\t<\/div>\r\n<\/div>\r\n<div class=\"aigpl-cnt-wrp aigpl-col-3 aigpl-columns\">\r\n\t<div class=\"aigpl-inr-wrp\">\r\n\r\n\t\t<div class=\"aigpl-img-wrp\" style=\"\">\r\n\t\t\t<a class=\"aigpl-img-link\" href=\"\/index.php?rest_route=%2Fwp%2Fv2%2Fpages%2F199&#038;album=7065&#038;album_ses=1#aigpl-album-gallery-1\" target=\"_self\">\r\n\t\t\t\t\t\t\t\t<img decoding=\"async\" class=\"aigpl-img\"  src=\"https:\/\/laistau.lt\/wp-content\/uploads\/2021\/03\/20170418_172855.jpg\" alt=\"VEJOS LAISTYMO SISTEMA. Vejos laistymo purk\u0161tuk\u0173 sistema. \u012erengta jau augan\u010dioje vejoje, ankstyv\u0105 pavasar\u012f.\" \/>\r\n\t\t\t\t\t\t\t<\/a>\r\n\t\t<\/div>\r\n\r\n\t\t\t\t\t<a class=\"aigpl-img-link\" href=\"\/index.php?rest_route=%2Fwp%2Fv2%2Fpages%2F199&#038;album=7065&#038;album_ses=1#aigpl-album-gallery-1\" target=\"_self\">\r\n\t\t\t\t<div class=\"aigpl-img-title aigpl-center\">VEJOS LAISTYMO SISTEMA. Vejos laistymo purk\u0161tuk\u0173 sistema. \u012erengta jau augan\u010dioje vejoje, ankstyv\u0105 pavasar\u012f.<\/div>\r\n\t\t\t<\/a>\r\n\t\t\t\t<div class=\"aigpl-img-count aigpl-center\">7 Photos<\/div>\r\n\t\t\t<\/div>\r\n<\/div>\r\n<div class=\"aigpl-cnt-wrp aigpl-col-3 aigpl-columns aigpl-first\">\r\n\t<div class=\"aigpl-inr-wrp\">\r\n\r\n\t\t<div class=\"aigpl-img-wrp\" style=\"\">\r\n\t\t\t<a class=\"aigpl-img-link\" href=\"\/index.php?rest_route=%2Fwp%2Fv2%2Fpages%2F199&#038;album=7051&#038;album_ses=1#aigpl-album-gallery-1\" target=\"_self\">\r\n\t\t\t\t\t\t\t\t<img decoding=\"async\" class=\"aigpl-img\"  src=\"https:\/\/laistau.lt\/wp-content\/uploads\/2021\/03\/20161115_161134.jpg\" alt=\"TENISO KORT\u0172 DR\u0116KINIMO SISTEMA. Teniso kort\u0173 dr\u0117kinimo, dulki\u0173 nusodinimo sistema, \u012frengta v\u0117lyv\u0105 ruden\u012f.\" \/>\r\n\t\t\t\t\t\t\t<\/a>\r\n\t\t<\/div>\r\n\r\n\t\t\t\t\t<a class=\"aigpl-img-link\" href=\"\/index.php?rest_route=%2Fwp%2Fv2%2Fpages%2F199&#038;album=7051&#038;album_ses=1#aigpl-album-gallery-1\" target=\"_self\">\r\n\t\t\t\t<div class=\"aigpl-img-title aigpl-center\">TENISO KORT\u0172 DR\u0116KINIMO SISTEMA. Teniso kort\u0173 dr\u0117kinimo, dulki\u0173 nusodinimo sistema, \u012frengta v\u0117lyv\u0105 ruden\u012f.<\/div>\r\n\t\t\t<\/a>\r\n\t\t\t\t<div class=\"aigpl-img-count aigpl-center\">13 Photos<\/div>\r\n\t\t\t<\/div>\r\n<\/div>\r\n<div class=\"aigpl-cnt-wrp aigpl-col-3 aigpl-columns\">\r\n\t<div class=\"aigpl-inr-wrp\">\r\n\r\n\t\t<div class=\"aigpl-img-wrp\" style=\"\">\r\n\t\t\t<a class=\"aigpl-img-link\" href=\"\/index.php?rest_route=%2Fwp%2Fv2%2Fpages%2F199&#038;album=7044&#038;album_ses=1#aigpl-album-gallery-1\" target=\"_self\">\r\n\t\t\t\t\t\t\t\t<img decoding=\"async\" class=\"aigpl-img\"  src=\"https:\/\/laistau.lt\/wp-content\/uploads\/2021\/03\/20170413_114447.jpg\" alt=\"VEJOS LAISTYMO SISTEMA. Vejos purk\u0161tuk\u0173 laistymo sistemos paruo\u0161imas \u017eiemai, i\u0161p\u016btimas.\" \/>\r\n\t\t\t\t\t\t\t<\/a>\r\n\t\t<\/div>\r\n\r\n\t\t\t\t\t<a class=\"aigpl-img-link\" href=\"\/index.php?rest_route=%2Fwp%2Fv2%2Fpages%2F199&#038;album=7044&#038;album_ses=1#aigpl-album-gallery-1\" target=\"_self\">\r\n\t\t\t\t<div class=\"aigpl-img-title aigpl-center\">VEJOS LAISTYMO SISTEMA. Vejos purk\u0161tuk\u0173 laistymo sistemos paruo\u0161imas \u017eiemai, i\u0161p\u016btimas.<\/div>\r\n\t\t\t<\/a>\r\n\t\t\t\t<div class=\"aigpl-img-count aigpl-center\">6 Photos<\/div>\r\n\t\t\t<\/div>\r\n<\/div>\r\n<div class=\"aigpl-cnt-wrp aigpl-col-3 aigpl-columns\">\r\n\t<div class=\"aigpl-inr-wrp\">\r\n\r\n\t\t<div class=\"aigpl-img-wrp\" style=\"\">\r\n\t\t\t<a class=\"aigpl-img-link\" href=\"\/index.php?rest_route=%2Fwp%2Fv2%2Fpages%2F199&#038;album=7035&#038;album_ses=1#aigpl-album-gallery-1\" target=\"_self\">\r\n\t\t\t\t\t\t\t\t<img decoding=\"async\" class=\"aigpl-img\"  src=\"https:\/\/laistau.lt\/wp-content\/uploads\/2021\/03\/20191018_150424.jpg\" alt=\"VERSLO CENTRO &#8220;ALIA&#8221; LAISTYMO SISTEMA. Vejos laistymo purk\u0161tuk\u0173 ir kapiliarinio laistymo augalams sistema.\" \/>\r\n\t\t\t\t\t\t\t<\/a>\r\n\t\t<\/div>\r\n\r\n\t\t\t\t\t<a class=\"aigpl-img-link\" href=\"\/index.php?rest_route=%2Fwp%2Fv2%2Fpages%2F199&#038;album=7035&#038;album_ses=1#aigpl-album-gallery-1\" target=\"_self\">\r\n\t\t\t\t<div class=\"aigpl-img-title aigpl-center\">VERSLO CENTRO \"ALIA\" LAISTYMO SISTEMA. Vejos laistymo purk\u0161tuk\u0173 ir kapiliarinio laistymo augalams sistema.<\/div>\r\n\t\t\t<\/a>\r\n\t\t\t\t<div class=\"aigpl-img-count aigpl-center\">8 Photos<\/div>\r\n\t\t\t<\/div>\r\n<\/div>\r\n<div class=\"aigpl-cnt-wrp aigpl-col-3 aigpl-columns aigpl-first\">\r\n\t<div class=\"aigpl-inr-wrp\">\r\n\r\n\t\t<div class=\"aigpl-img-wrp\" style=\"\">\r\n\t\t\t<a class=\"aigpl-img-link\" href=\"\/index.php?rest_route=%2Fwp%2Fv2%2Fpages%2F199&#038;album=7025&#038;album_ses=1#aigpl-album-gallery-1\" target=\"_self\">\r\n\t\t\t\t\t\t\t\t<img decoding=\"async\" class=\"aigpl-img\"  src=\"https:\/\/laistau.lt\/wp-content\/uploads\/2021\/03\/20160502_161848.jpg\" alt=\"\u0160ILTNAMIO LAISTYMO SISTEMA. Kapiliarinio laistymo sistema \u0161iltnamiui. Taip pat \u012frengtas vandens filtras ir rankinio valdymo vo\u017etuvai\" \/>\r\n\t\t\t\t\t\t\t<\/a>\r\n\t\t<\/div>\r\n\r\n\t\t\t\t\t<a class=\"aigpl-img-link\" href=\"\/index.php?rest_route=%2Fwp%2Fv2%2Fpages%2F199&#038;album=7025&#038;album_ses=1#aigpl-album-gallery-1\" target=\"_self\">\r\n\t\t\t\t<div class=\"aigpl-img-title aigpl-center\">\u0160ILTNAMIO LAISTYMO SISTEMA. Kapiliarinio laistymo sistema \u0161iltnamiui. Taip pat \u012frengtas vandens filtras ir rankinio valdymo vo\u017etuvai<\/div>\r\n\t\t\t<\/a>\r\n\t\t\t\t<div class=\"aigpl-img-count aigpl-center\">9 Photos<\/div>\r\n\t\t\t<\/div>\r\n<\/div>\r\n<div class=\"aigpl-cnt-wrp aigpl-col-3 aigpl-columns\">\r\n\t<div class=\"aigpl-inr-wrp\">\r\n\r\n\t\t<div class=\"aigpl-img-wrp\" style=\"\">\r\n\t\t\t<a class=\"aigpl-img-link\" href=\"\/index.php?rest_route=%2Fwp%2Fv2%2Fpages%2F199&#038;album=7019&#038;album_ses=1#aigpl-album-gallery-1\" target=\"_self\">\r\n\t\t\t\t\t\t\t\t<img decoding=\"async\" class=\"aigpl-img\"  src=\"https:\/\/laistau.lt\/wp-content\/uploads\/2021\/03\/20170617_111820.jpg\" alt=\"VEJOS LAISTYMO SISTEMA. Vejos laistymo purk\u0161tuk\u0173 sistema.\" \/>\r\n\t\t\t\t\t\t\t<\/a>\r\n\t\t<\/div>\r\n\r\n\t\t\t\t\t<a class=\"aigpl-img-link\" href=\"\/index.php?rest_route=%2Fwp%2Fv2%2Fpages%2F199&#038;album=7019&#038;album_ses=1#aigpl-album-gallery-1\" target=\"_self\">\r\n\t\t\t\t<div class=\"aigpl-img-title aigpl-center\">VEJOS LAISTYMO SISTEMA. Vejos laistymo purk\u0161tuk\u0173 sistema.<\/div>\r\n\t\t\t<\/a>\r\n\t\t\t\t<div class=\"aigpl-img-count aigpl-center\">5 Photos<\/div>\r\n\t\t\t<\/div>\r\n<\/div>\r\n<div class=\"aigpl-cnt-wrp aigpl-col-3 aigpl-columns\">\r\n\t<div class=\"aigpl-inr-wrp\">\r\n\r\n\t\t<div class=\"aigpl-img-wrp\" style=\"\">\r\n\t\t\t<a class=\"aigpl-img-link\" href=\"\/index.php?rest_route=%2Fwp%2Fv2%2Fpages%2F199&#038;album=7009&#038;album_ses=1#aigpl-album-gallery-1\" target=\"_self\">\r\n\t\t\t\t\t\t\t\t<img decoding=\"async\" class=\"aigpl-img\"  src=\"https:\/\/laistau.lt\/wp-content\/uploads\/2021\/03\/20200918_123338.jpg\" alt=\"VEJOS LAISTYMO SISTEMA. Vejos laistymo purk\u0161tuk\u0173 sistema. \u012erengta tiesiog i\u0161kasus ma\u0161ina tran\u0161\u0117jas vejoje. Jei klientas b\u016bt\u0173 ats\u0117j\u0119s tokiomis pa\u010diomis s\u0117klomis, joki\u0173 \u017eymi\u0173 nematytume.\" \/>\r\n\t\t\t\t\t\t\t<\/a>\r\n\t\t<\/div>\r\n\r\n\t\t\t\t\t<a class=\"aigpl-img-link\" href=\"\/index.php?rest_route=%2Fwp%2Fv2%2Fpages%2F199&#038;album=7009&#038;album_ses=1#aigpl-album-gallery-1\" target=\"_self\">\r\n\t\t\t\t<div class=\"aigpl-img-title aigpl-center\">VEJOS LAISTYMO SISTEMA. Vejos laistymo purk\u0161tuk\u0173 sistema. \u012erengta tiesiog i\u0161kasus ma\u0161ina tran\u0161\u0117jas vejoje. Jei klientas b\u016bt\u0173 ats\u0117j\u0119s tokiomis pa\u010diomis s\u0117klomis, joki\u0173 \u017eymi\u0173 nematytume.<\/div>\r\n\t\t\t<\/a>\r\n\t\t\t\t<div class=\"aigpl-img-count aigpl-center\">9 Photos<\/div>\r\n\t\t\t<\/div>\r\n<\/div>\r\n<div class=\"aigpl-cnt-wrp aigpl-col-3 aigpl-columns aigpl-first\">\r\n\t<div class=\"aigpl-inr-wrp\">\r\n\r\n\t\t<div class=\"aigpl-img-wrp\" style=\"\">\r\n\t\t\t<a class=\"aigpl-img-link\" href=\"\/index.php?rest_route=%2Fwp%2Fv2%2Fpages%2F199&#038;album=6994&#038;album_ses=1#aigpl-album-gallery-1\" target=\"_self\">\r\n\t\t\t\t\t\t\t\t<img decoding=\"async\" class=\"aigpl-img\"  src=\"https:\/\/laistau.lt\/wp-content\/uploads\/2021\/03\/103611848_897328054102243_9121023321773959460_n22.jpg\" alt=\"12V lauko ap\u0161vietimo sistema. Galingi 10W LED pro\u017eektoriai auk\u0161tiems med\u017eiams ap\u0161viesti, stilingi tako \u0161viestuvai, povandeniniai tvenkin\u0117lio pro\u017eektoriai.\" \/>\r\n\t\t\t\t\t\t\t<\/a>\r\n\t\t<\/div>\r\n\r\n\t\t\t\t\t<a class=\"aigpl-img-link\" href=\"\/index.php?rest_route=%2Fwp%2Fv2%2Fpages%2F199&#038;album=6994&#038;album_ses=1#aigpl-album-gallery-1\" target=\"_self\">\r\n\t\t\t\t<div class=\"aigpl-img-title aigpl-center\">12V lauko ap\u0161vietimo sistema. Galingi 10W LED pro\u017eektoriai auk\u0161tiems med\u017eiams ap\u0161viesti, stilingi tako \u0161viestuvai, povandeniniai tvenkin\u0117lio pro\u017eektoriai.<\/div>\r\n\t\t\t<\/a>\r\n\t\t\t\t<div class=\"aigpl-img-count aigpl-center\">14 Photos<\/div>\r\n\t\t\t<\/div>\r\n<\/div>\r\n<div class=\"aigpl-cnt-wrp aigpl-col-3 aigpl-columns\">\r\n\t<div class=\"aigpl-inr-wrp\">\r\n\r\n\t\t<div class=\"aigpl-img-wrp\" style=\"\">\r\n\t\t\t<a class=\"aigpl-img-link\" href=\"\/index.php?rest_route=%2Fwp%2Fv2%2Fpages%2F199&#038;album=6980&#038;album_ses=1#aigpl-album-gallery-1\" target=\"_self\">\r\n\t\t\t\t\t\t\t\t<img decoding=\"async\" class=\"aigpl-img\"  src=\"https:\/\/laistau.lt\/wp-content\/uploads\/2021\/03\/20170602_160809.jpg\" alt=\"\u0160ILAUOGI\u0172 LAISTYMO SISTEMA. \u0160ilauogi\u0173 kapiliarinio laistymo sistema. \u012erengtas vandens filtras, siurblio paleidimo r\u0117l\u0117, valdiklis su lietaus davikliu ir tr\u0105\u0161\u0173 dozatorius.\" \/>\r\n\t\t\t\t\t\t\t<\/a>\r\n\t\t<\/div>\r\n\r\n\t\t\t\t\t<a class=\"aigpl-img-link\" href=\"\/index.php?rest_route=%2Fwp%2Fv2%2Fpages%2F199&#038;album=6980&#038;album_ses=1#aigpl-album-gallery-1\" target=\"_self\">\r\n\t\t\t\t<div class=\"aigpl-img-title aigpl-center\">\u0160ILAUOGI\u0172 LAISTYMO SISTEMA. \u0160ilauogi\u0173 kapiliarinio laistymo sistema. \u012erengtas vandens filtras, siurblio paleidimo r\u0117l\u0117, valdiklis su lietaus davikliu ir tr\u0105\u0161\u0173 dozatorius.<\/div>\r\n\t\t\t<\/a>\r\n\t\t\t\t<div class=\"aigpl-img-count aigpl-center\">13 Photos<\/div>\r\n\t\t\t<\/div>\r\n<\/div>\r\n\t\t<\/div><!-- end .aigpl-gallery-album-wrp -->\r\n\r\n\t\n<\/div>\n\t\t<\/div><\/div><\/div><\/div><\/div>","protected":false},"excerpt":{"rendered":"<p>PASTATOMI VANDENS HIDRANTAI 5 Photos VEJOS IR AUGAL\u0172 LAISTYMO SISTEMA. Laistymo sistema \u012frengta [&hellip;]<\/p>\n","protected":false},"author":1,"featured_media":0,"parent":0,"menu_order":0,"comment_status":"closed","ping_status":"closed","template":"","meta":{"footnotes":""},"class_list":["post-199","page","type-page","status-publish","hentry"],"_links":{"self":[{"href":"https:\/\/laistau.lt\/index.php?rest_route=\/wp\/v2\/pages\/199","targetHints":{"allow":["GET"]}}],"collection":[{"href":"https:\/\/laistau.lt\/index.php?rest_route=\/wp\/v2\/pages"}],"about":[{"href":"https:\/\/laistau.lt\/index.php?rest_route=\/wp\/v2\/types\/page"}],"author":[{"embeddable":true,"href":"https:\/\/laistau.lt\/index.php?rest_route=\/wp\/v2\/users\/1"}],"replies":[{"embeddable":true,"href":"https:\/\/laistau.lt\/index.php?rest_route=%2Fwp%2Fv2%2Fcomments&post=199"}],"version-history":[{"count":111,"href":"https:\/\/laistau.lt\/index.php?rest_route=\/wp\/v2\/pages\/199\/revisions"}],"predecessor-version":[{"id":7139,"href":"https:\/\/laistau.lt\/index.php?rest_route=\/wp\/v2\/pages\/199\/revisions\/7139"}],"wp:attachment":[{"href":"https:\/\/laistau.lt\/index.php?rest_route=%2Fwp%2Fv2%2Fmedia&parent=199"}],"curies":[{"name":"wp","href":"https:\/\/api.w.org\/{rel}","templated":true}]}}