

{"id":27,"date":"2016-04-25T14:36:30","date_gmt":"2016-04-25T11:36:30","guid":{"rendered":"http:\/\/landscaping.thimpress.com\/?page_id=27"},"modified":"2021-03-08T11:06:29","modified_gmt":"2021-03-08T09:06:29","slug":"duk","status":"publish","type":"page","link":"https:\/\/laistau.lt\/?page_id=27","title":{"rendered":"DUK (Da\u017eniausiai U\u017eduodami Klausimai)"},"content":{"rendered":"<div id=\"pl-27\"  class=\"panel-layout\" ><div id=\"pg-27-0\"  class=\"panel-grid panel-has-style\" ><div class=\"thim-bg-tile panel-row-style panel-row-style-for-27-0\" ><div id=\"pgc-27-0-0\"  class=\"panel-grid-cell\" ><div id=\"panel-27-0-0-0\" class=\"so-panel widget widget_sow-editor panel-first-child panel-last-child\" data-index=\"0\" ><div class=\"so-widget-sow-editor so-widget-sow-editor-base\">\r\n<div class=\"siteorigin-widget-tinymce textwidget\">\r\n\t<p style=\"text-align: center; margin-bottom: 0; font-weight: 600;\">\u017demiau yra keletas da\u017eniausiai u\u017eduodam\u0173 klausim\u0173 ir atsakym\u0173 apie mano paslaugas. Jei jums reikia konkre\u010dios pagalbos arba<\/p>\n<p style=\"text-align: center; margin-bottom: 0; font-weight: 600;\">\u012f j\u016bs\u0173 klausim\u0105 \u010dia neatsakyta, tur\u0117tum\u0117te kreiptis el.pa\u0161tu arba u\u017epild\u0119 kontaktin\u0119 forma.<\/p>\n<\/div>\r\n<\/div><\/div><\/div><\/div><\/div><div id=\"pg-27-1\"  class=\"panel-grid panel-has-style\" ><div class=\"thim-bg-tile panel-row-style panel-row-style-for-27-1\" ><div id=\"pgc-27-1-0\"  class=\"panel-grid-cell\" ><div id=\"panel-27-1-0-0\" class=\"so-panel widget widget_accordion panel-first-child panel-last-child\" data-index=\"1\" ><div class=\"thim-widget-accordion thim-widget-accordion-base template-base\">\r\n<div class=\"thim-accordion\">\r\n\t<h3 class=\"widget-title\">Bendri Klausimai<\/h3>\t<div id=\"accordion_69e3834fc1d5c\" class=\"panel-group\" role=\"tablist\" aria-multiselectable=\"true\">\r\n\t\t<!-- List Panel -->\r\n\t\t\r\n\t\t\t\r\n\t\t\t<div class=\"panel panel-default\">\r\n\t\t\t\t<div class=\"panel-heading\" role=\"tab\" id=\"heading_accordion_69e3834fc1d5c_0\">\r\n\t\t\t\t\t<h4 class=\"panel-title\">\r\n\t\t\t\t\t\t<a role=\"button\" class=\"\" data-toggle=\"collapse\"\r\n\t\t\t\t\t\t   data-parent=\"#accordion_69e3834fc1d5c\"\r\n\t\t\t\t\t\t   href=\"#collapse_accordion_69e3834fc1d5c_0\"\r\n\t\t\t\t\t\t   aria-expanded=\"true\"\r\n\t\t\t\t\t\t   aria-controls=\"collapse_accordion_69e3834fc1d5c_0\">\r\n\t\t\t\t\t\t\tAr automatin\u0117 sistema sunaudos daugiau vandens, nei sunaudoju \u0161iuo metu laistydamas \u017earna?\t\t\t\t\t\t<\/a>\r\n\t\t\t\t\t<\/h4>\r\n\t\t\t\t<\/div>\r\n\t\t\t\t<div id=\"collapse_accordion_69e3834fc1d5c_0\"\r\n\t\t\t\t     class=\"panel-collapse collapse in\" role=\"tabpanel\"\r\n\t\t\t\t     aria-labelledby=\"heading_accordion_69e3834fc1d5c_0\">\r\n\t\t\t\t\t<div class=\"panel-body\">\r\n\t\t\t\t\t\tNe. Prie\u0161ingai, automatin\u0117 sistema gali i\u0161 tikro taupyti j\u016bs\u0173 vanden\u012f. Gerai suprojektuota, efektyvi laistymo sistema naudoja tiksliai j\u016bs\u0173 sodui reikaling\u0105 vandens kiek\u012f. Jums daugiau niekada nereik\u0117s jaudintis d\u0117l vandens \u0161vaistymo, kad pamir\u0161ote i\u0161jungti laistymo \u017earn\u0105. O, su dr\u0117gm\u0117s sensoriumi, lietaus davikliu ar sumaniu &quot;WiFi&quot; valdikliu j\u016bs\u0173 sistema \u017einos, kada lyja, ir sistema i\u0161sijungs, kai laistyti nereikia.\t\t\t\t\t<\/div>\r\n\t\t\t\t<\/div>\r\n\t\t\t<\/div>\r\n\r\n\t\t\r\n\t\t\t\r\n\t\t\t<div class=\"panel panel-default\">\r\n\t\t\t\t<div class=\"panel-heading\" role=\"tab\" id=\"heading_accordion_69e3834fc1d5c_1\">\r\n\t\t\t\t\t<h4 class=\"panel-title\">\r\n\t\t\t\t\t\t<a role=\"button\" class=\"collapsed\" data-toggle=\"collapse\"\r\n\t\t\t\t\t\t   data-parent=\"#accordion_69e3834fc1d5c\"\r\n\t\t\t\t\t\t   href=\"#collapse_accordion_69e3834fc1d5c_1\"\r\n\t\t\t\t\t\t   aria-expanded=\"false\"\r\n\t\t\t\t\t\t   aria-controls=\"collapse_accordion_69e3834fc1d5c_1\">\r\n\t\t\t\t\t\t\tAr tur\u0117damas laistymo sistem\u0105, tikrai sutaupau laiko?\t\t\t\t\t\t<\/a>\r\n\t\t\t\t\t<\/h4>\r\n\t\t\t\t<\/div>\r\n\t\t\t\t<div id=\"collapse_accordion_69e3834fc1d5c_1\"\r\n\t\t\t\t     class=\"panel-collapse collapse \" role=\"tabpanel\"\r\n\t\t\t\t     aria-labelledby=\"heading_accordion_69e3834fc1d5c_1\">\r\n\t\t\t\t\t<div class=\"panel-body\">\r\n\t\t\t\t\t\tTaip. Jums nebereik\u0117s praleisti dar vienos minut\u0117s savo vertingo laisvalaikio laistyti vejai. J\u016bs\u0173 laistymo sistema atliks vis\u0105 darb\u0105 u\u017e jus - net kai esate toli nuo nam\u0173!\t\t\t\t\t<\/div>\r\n\t\t\t\t<\/div>\r\n\t\t\t<\/div>\r\n\r\n\t\t\r\n\t\t\t\r\n\t\t\t<div class=\"panel panel-default\">\r\n\t\t\t\t<div class=\"panel-heading\" role=\"tab\" id=\"heading_accordion_69e3834fc1d5c_2\">\r\n\t\t\t\t\t<h4 class=\"panel-title\">\r\n\t\t\t\t\t\t<a role=\"button\" class=\"collapsed\" data-toggle=\"collapse\"\r\n\t\t\t\t\t\t   data-parent=\"#accordion_69e3834fc1d5c\"\r\n\t\t\t\t\t\t   href=\"#collapse_accordion_69e3834fc1d5c_2\"\r\n\t\t\t\t\t\t   aria-expanded=\"false\"\r\n\t\t\t\t\t\t   aria-controls=\"collapse_accordion_69e3834fc1d5c_2\">\r\n\t\t\t\t\t\t\tAr automatin\u0117 sistema laistys taip pat gerai, kaip ir a\u0161, kai laistau rankomis?\t\t\t\t\t\t<\/a>\r\n\t\t\t\t\t<\/h4>\r\n\t\t\t\t<\/div>\r\n\t\t\t\t<div id=\"collapse_accordion_69e3834fc1d5c_2\"\r\n\t\t\t\t     class=\"panel-collapse collapse \" role=\"tabpanel\"\r\n\t\t\t\t     aria-labelledby=\"heading_accordion_69e3834fc1d5c_2\">\r\n\t\t\t\t\t<div class=\"panel-body\">\r\n\t\t\t\t\t\tAutomatin\u0117 sistema atliks efektyvesn\u012f darb\u0105, nes ji bus sukurta atsi\u017evelgiant \u012f j\u016bs\u0173 kra\u0161tovaizd\u017eio \u012fvairius laistymo poreikius: naudojant skirtingus produktus, skirtus \u017eolei, med\u017eiams, kr\u016bmams ar sodo augalams laistyti.\t\t\t\t\t<\/div>\r\n\t\t\t\t<\/div>\r\n\t\t\t<\/div>\r\n\r\n\t\t\r\n\t\t\t\r\n\t\t\t<div class=\"panel panel-default\">\r\n\t\t\t\t<div class=\"panel-heading\" role=\"tab\" id=\"heading_accordion_69e3834fc1d5c_3\">\r\n\t\t\t\t\t<h4 class=\"panel-title\">\r\n\t\t\t\t\t\t<a role=\"button\" class=\"collapsed\" data-toggle=\"collapse\"\r\n\t\t\t\t\t\t   data-parent=\"#accordion_69e3834fc1d5c\"\r\n\t\t\t\t\t\t   href=\"#collapse_accordion_69e3834fc1d5c_3\"\r\n\t\t\t\t\t\t   aria-expanded=\"false\"\r\n\t\t\t\t\t\t   aria-controls=\"collapse_accordion_69e3834fc1d5c_3\">\r\n\t\t\t\t\t\t\tPer metus Kaune vidutini\u0161kai krituli\u0173 i\u0161krenta 700 ar daugiau milimetr\u0173. Ar mums tikrai reikia laistymo sistemos?\t\t\t\t\t\t<\/a>\r\n\t\t\t\t\t<\/h4>\r\n\t\t\t\t<\/div>\r\n\t\t\t\t<div id=\"collapse_accordion_69e3834fc1d5c_3\"\r\n\t\t\t\t     class=\"panel-collapse collapse \" role=\"tabpanel\"\r\n\t\t\t\t     aria-labelledby=\"heading_accordion_69e3834fc1d5c_3\">\r\n\t\t\t\t\t<div class=\"panel-body\">\r\n\t\t\t\t\t\tJei j\u016bs\u0173 kieme lyt\u0173 kas tris dienas - tiksliai tiek pat kiekio vandens kaskart, jums grei\u010diausiai nereik\u0117t\u0173 laistymo sistemos. Ta\u010diau gamta taip neveikia, ir vienintelis b\u016bdas u\u017etikrinti sveik\u0105, ve\u0161li\u0105 augalij\u0105 j\u016bs\u0173 sode yra u\u017etikrinti, kad j\u016bs\u0173 veja ir augalai gaus reguliar\u0173 ir tolyg\u0173 vandens kiek\u012f. Sausuoju met\u0173 laiku, kai lietaus yra ma\u017eai arba nelyja, j\u016bs\u0173 augalai gali patirti stres\u0105 ir \u017eal\u0105 vos po keli\u0173 dien\u0173 be vandens. \t\t\t\t\t<\/div>\r\n\t\t\t\t<\/div>\r\n\t\t\t<\/div>\r\n\r\n\t\t\t\t<!-- End: List Panel -->\r\n\t<\/div>\r\n\r\n<\/div><\/div><\/div><\/div><div id=\"pgc-27-1-1\"  class=\"panel-grid-cell\" ><div id=\"panel-27-1-1-0\" class=\"so-panel widget widget_accordion panel-first-child panel-last-child\" data-index=\"2\" ><div class=\"thim-widget-accordion thim-widget-accordion-base template-base\">\r\n<div class=\"thim-accordion\">\r\n\t<h3 class=\"widget-title\">Bendri Klausimai<\/h3>\t<div id=\"accordion_69e3834fc1e84\" class=\"panel-group\" role=\"tablist\" aria-multiselectable=\"true\">\r\n\t\t<!-- List Panel -->\r\n\t\t\r\n\t\t\t\r\n\t\t\t<div class=\"panel panel-default\">\r\n\t\t\t\t<div class=\"panel-heading\" role=\"tab\" id=\"heading_accordion_69e3834fc1e84_0\">\r\n\t\t\t\t\t<h4 class=\"panel-title\">\r\n\t\t\t\t\t\t<a role=\"button\" class=\"collapsed\" data-toggle=\"collapse\"\r\n\t\t\t\t\t\t   data-parent=\"#accordion_69e3834fc1e84\"\r\n\t\t\t\t\t\t   href=\"#collapse_accordion_69e3834fc1e84_0\"\r\n\t\t\t\t\t\t   aria-expanded=\"false\"\r\n\t\t\t\t\t\t   aria-controls=\"collapse_accordion_69e3834fc1e84_0\">\r\n\t\t\t\t\t\t\tKoks yra rekomenduojamas laistymo grafikas?\t\t\t\t\t\t<\/a>\r\n\t\t\t\t\t<\/h4>\r\n\t\t\t\t<\/div>\r\n\t\t\t\t<div id=\"collapse_accordion_69e3834fc1e84_0\"\r\n\t\t\t\t     class=\"panel-collapse collapse \" role=\"tabpanel\"\r\n\t\t\t\t     aria-labelledby=\"heading_accordion_69e3834fc1e84_0\">\r\n\t\t\t\t\t<div class=\"panel-body\">\r\n\t\t\t\t\t\tNe\u017einant j\u016bs\u0173 kiemo, sunku visiems rekomenduoti tobul\u0105 laistymo grafik\u0105. Bet prad\u017eiai galima pabandyti:\nApskai\u010diuokite, kiek laiko reikia palaistyti vis\u0105 j\u016bs\u0173 kiem\u0105 (paimkite popieriaus lap\u0105, u\u017esira\u0161ykite laik\u0105, kur\u012f laistysite kiekvienoje zonoje, susumuokite bendr\u0105 laik\u0105. Pvz. 25min+30min+25min=1val20min)\n\u012evertinkite, kada j\u016bs\u0173 \u0161eima ryte prade.da naudoti vandens \u0161altin\u012f (du\u0161ai, indaplov\u0117s, skalbimo ma\u0161inos ir kt. Pvz. 7val). I\u0161 \u0161io laiko atimkite ank\u0161\u010diau gaut\u0105 bendr\u0105 laistymo sistemos trukm\u0117s laika (Pvz. 7val - 1val20min = 5val40min).  Taigi 5:40 gal\u0117t\u0173 b\u016bti jusu laistymo sistemos prad\u017eios laikas. Nerekomenduoju laistyti vakare ar nakt\u012f d\u0117l galimyb\u0117s u\u017esiveisti grybeliui.\nRuden\u012f ir pavasar\u012f rekomenduoju kapiliariniu vamzdeliu med\u017eius, gyvatvores, g\u0117lynus laistyti 2 kartus per savait\u0119 20-30 minu\u010di\u0173, o vasaros piko metu - pabandyti laistyti 3 kartus per savait\u0119 ilgiau.\nPurk\u0161tukais vej\u0105 rekomenduoju laistyti ruden\u012f ir pavasar\u012f 3 kartus per savait\u0119 15-20 minu\u010di\u0173. Vasar\u0105 tur\u0117tum\u0117te prid\u0117ti dar 2 laistymo sesijas per savait\u0119.\nAtkreipkite d\u0117mes\u012f, kad tai tik rekomenduojamas laistymo laikas. Geriausias b\u016bdas u\u017etikrinti geriausi\u0105 program\u0105 yra atidus augal\u0173 ir vejos steb\u0117jimas. Jei pasteb\u0117site, kad augalai ir veja pradeda d\u017ei\u016bti arba ruduoja, tur\u0117tum\u0117te prid\u0117ti minu\u010di\u0173. Jei j\u016bs\u0173 vejos dirvo\u017eemis yra tikrai purus ir \u0161lapias, suma\u017einkite laistymo laik\u0105.\t\t\t\t\t<\/div>\r\n\t\t\t\t<\/div>\r\n\t\t\t<\/div>\r\n\r\n\t\t\r\n\t\t\t\r\n\t\t\t<div class=\"panel panel-default\">\r\n\t\t\t\t<div class=\"panel-heading\" role=\"tab\" id=\"heading_accordion_69e3834fc1e84_1\">\r\n\t\t\t\t\t<h4 class=\"panel-title\">\r\n\t\t\t\t\t\t<a role=\"button\" class=\"collapsed\" data-toggle=\"collapse\"\r\n\t\t\t\t\t\t   data-parent=\"#accordion_69e3834fc1e84\"\r\n\t\t\t\t\t\t   href=\"#collapse_accordion_69e3834fc1e84_1\"\r\n\t\t\t\t\t\t   aria-expanded=\"false\"\r\n\t\t\t\t\t\t   aria-controls=\"collapse_accordion_69e3834fc1e84_1\">\r\n\t\t\t\t\t\t\tKiek prie\u017ei\u016bros reikia laistymo sistemai?\t\t\t\t\t\t<\/a>\r\n\t\t\t\t\t<\/h4>\r\n\t\t\t\t<\/div>\r\n\t\t\t\t<div id=\"collapse_accordion_69e3834fc1e84_1\"\r\n\t\t\t\t     class=\"panel-collapse collapse \" role=\"tabpanel\"\r\n\t\t\t\t     aria-labelledby=\"heading_accordion_69e3834fc1e84_1\">\r\n\t\t\t\t\t<div class=\"panel-body\">\r\n\t\t\t\t\t\tPrie\u017ei\u016bra yra svarbi, kad sistema veikt\u0173 skland\u017eiai. Svarbiausios paslaugos yra paruo\u0161imo \u017eiemai ir pavasario paleidimas. Ruden\u012f a\u0161 i\u0161p\u016bsiu vis\u0105 vanden\u012f i\u0161 sistemos, kad \u017eiemos m\u0117nesiais pa\u0161alin\u010diau u\u017e\u0161alimo rizik\u0105. Pavasar\u012f gr\u012f\u017etu, kad paleisti sistem\u0105 ir atlikti profilaktik\u0105, sureguliuoti ja naujam sezonui. \u012esitikinu, kad \u017eiem\u0105 jokia \u012franga ar dalys nebuvo sugadintos. Patikrinu, kad sistema dengiasi, ir visi purk\u0161tukai yra nukreipti teisingai.\t\t\t\t\t<\/div>\r\n\t\t\t\t<\/div>\r\n\t\t\t<\/div>\r\n\r\n\t\t\r\n\t\t\t\r\n\t\t\t<div class=\"panel panel-default\">\r\n\t\t\t\t<div class=\"panel-heading\" role=\"tab\" id=\"heading_accordion_69e3834fc1e84_2\">\r\n\t\t\t\t\t<h4 class=\"panel-title\">\r\n\t\t\t\t\t\t<a role=\"button\" class=\"collapsed\" data-toggle=\"collapse\"\r\n\t\t\t\t\t\t   data-parent=\"#accordion_69e3834fc1e84\"\r\n\t\t\t\t\t\t   href=\"#collapse_accordion_69e3834fc1e84_2\"\r\n\t\t\t\t\t\t   aria-expanded=\"false\"\r\n\t\t\t\t\t\t   aria-controls=\"collapse_accordion_69e3834fc1e84_2\">\r\n\t\t\t\t\t\t\tAr galiu sutaupyti pinig\u0173 pats \u012fsirengdamas savo sistem\u0105?\t\t\t\t\t\t<\/a>\r\n\t\t\t\t\t<\/h4>\r\n\t\t\t\t<\/div>\r\n\t\t\t\t<div id=\"collapse_accordion_69e3834fc1e84_2\"\r\n\t\t\t\t     class=\"panel-collapse collapse \" role=\"tabpanel\"\r\n\t\t\t\t     aria-labelledby=\"heading_accordion_69e3834fc1e84_2\">\r\n\t\t\t\t\t<div class=\"panel-body\">\r\n\t\t\t\t\t\tGalite, bet ne b\u016btinai. Atminkite, kad produkto kaina yra tik viena efektyvios dr\u0117kinimo sistemos dalis. Daugelis \u017emoni\u0173 vis d\u0117l to nusprend\u017eia samdyti patyrus\u012f profesional\u0173 laistymo sistemos specialist\u0105, kuris atsine\u0161a ilgamet\u0119 patirt\u012f kuriant ir montuojant ekonomi\u0161kiausias ir efektyviausias laistymo sistemas. Specialistas taip pat bus daug investav\u0119s \u012f specializuot\u0105 montavimo \u012frang\u0105, kad pagreitint\u0173 darb\u0105, ir dalyvav\u0119s i\u0161samiuose mokymo kursuose. Neteisingai \u012frengta sistema ilgainiui gali kainuoti daugiau pinig\u0173. Svarbus veiksnys yra purk\u0161tuku modeliai (purk\u0161tuk\u0173 persidengimas, kad i\u0161oriniai kra\u0161tai gaut\u0173 pakankamai vandens sveikam ir tolygiam augimui). Specialistas gali atlikti darb\u0105 grei\u010diau, ma\u017eiau trikdydamas esam\u0105 kra\u0161tovaizd\u012f. Nepamir\u0161kite, kad visoms sistemoms taikoma darbo ir med\u017eiag\u0173 garantija, taip pat klient\u0173 aptarnavimas.\t\t\t\t\t<\/div>\r\n\t\t\t\t<\/div>\r\n\t\t\t<\/div>\r\n\r\n\t\t\r\n\t\t\t\r\n\t\t\t<div class=\"panel panel-default\">\r\n\t\t\t\t<div class=\"panel-heading\" role=\"tab\" id=\"heading_accordion_69e3834fc1e84_3\">\r\n\t\t\t\t\t<h4 class=\"panel-title\">\r\n\t\t\t\t\t\t<a role=\"button\" class=\"collapsed\" data-toggle=\"collapse\"\r\n\t\t\t\t\t\t   data-parent=\"#accordion_69e3834fc1e84\"\r\n\t\t\t\t\t\t   href=\"#collapse_accordion_69e3834fc1e84_3\"\r\n\t\t\t\t\t\t   aria-expanded=\"false\"\r\n\t\t\t\t\t\t   aria-controls=\"collapse_accordion_69e3834fc1e84_3\">\r\n\t\t\t\t\t\t\tAr galiu pats \u012fsirengti automatin\u0119 laistymo sistem\u0105?\t\t\t\t\t\t<\/a>\r\n\t\t\t\t\t<\/h4>\r\n\t\t\t\t<\/div>\r\n\t\t\t\t<div id=\"collapse_accordion_69e3834fc1e84_3\"\r\n\t\t\t\t     class=\"panel-collapse collapse \" role=\"tabpanel\"\r\n\t\t\t\t     aria-labelledby=\"heading_accordion_69e3834fc1e84_3\">\r\n\t\t\t\t\t<div class=\"panel-body\">\r\n\t\t\t\t\t\tTaip, automatin\u0119 laistymo sistem\u0105 galite \u012fsirengti patys - tik ar tai bus efektyvu laiko ir i\u0161laid\u0173 atveju. Ar jus tenkins galutinio rezultato kokyb\u0117 ir ilgaam\u017ei\u0161kumas, kam b\u016btina kompetencija?\nKaip ir bet kuriame nam\u0173 projekte, prie\u0161 prad\u0117dami tur\u0117tum\u0117te apsvarstyti visus aspektus. \u012evertinti laik\u0105 ir prieinamus \u012frankius, reikalingus darbui atlikti. Atsi\u017evelgiant \u012f j\u016bs\u0173 sodo dyd\u012f, sistemos \u012frengimas gali u\u017etrukti daugiau nei kelias dienas ar net savaites.\nTaip pat, prie\u0161 pradedant darbus, b\u016btinas sistemos projektas. Tur\u0117dami sistemos projekt\u0105 ir s\u0105mat\u0105, gal\u0117site \u012fsigyti visas reikiamas med\u017eiagas.\nJei jau turite vej\u0105 ir suformuot\u0105 kra\u0161tovaizd\u012f, norint \u012fdiegti sistem\u0105 teks pravesti vamzd\u017eius ir kabelius vejoje ar po trinkel\u0117mis. Tam bus reikalingi special\u016bs prietaisai.\t\t\t\t\t<\/div>\r\n\t\t\t\t<\/div>\r\n\t\t\t<\/div>\r\n\r\n\t\t\r\n\t\t\t\r\n\t\t\t<div class=\"panel panel-default\">\r\n\t\t\t\t<div class=\"panel-heading\" role=\"tab\" id=\"heading_accordion_69e3834fc1e84_4\">\r\n\t\t\t\t\t<h4 class=\"panel-title\">\r\n\t\t\t\t\t\t<a role=\"button\" class=\"collapsed\" data-toggle=\"collapse\"\r\n\t\t\t\t\t\t   data-parent=\"#accordion_69e3834fc1e84\"\r\n\t\t\t\t\t\t   href=\"#collapse_accordion_69e3834fc1e84_4\"\r\n\t\t\t\t\t\t   aria-expanded=\"false\"\r\n\t\t\t\t\t\t   aria-controls=\"collapse_accordion_69e3834fc1e84_4\">\r\n\t\t\t\t\t\t\tI\u0161 koki\u0173 komponent\u0173 susideda laistymo sistema?\t\t\t\t\t\t<\/a>\r\n\t\t\t\t\t<\/h4>\r\n\t\t\t\t<\/div>\r\n\t\t\t\t<div id=\"collapse_accordion_69e3834fc1e84_4\"\r\n\t\t\t\t     class=\"panel-collapse collapse \" role=\"tabpanel\"\r\n\t\t\t\t     aria-labelledby=\"heading_accordion_69e3834fc1e84_4\">\r\n\t\t\t\t\t<div class=\"panel-body\">\r\n\t\t\t\t\t\tLaistymo sistem\u0105 pagrinde sudaro valdiklis (kuris veikia kaip sistemos smegenys), vo\u017etuvai (kurie atsidaro ir u\u017esidaro, kad paleist\u0173 ir sustabdyt\u0173 vandens sraut\u0105 \u012f po\u017eeminius vamzd\u017eius) ir purk\u0161tukai (kurie laisto vanden\u012f \u012f laistymo zonas). Toliau sistem\u0105 galima tobulinti panaudojant lietaus ir dr\u0117gm\u0117s kontrol\u0117s prietaisus bei kapiliarinio la\u0161inimo zonas augalams.\t\t\t\t\t<\/div>\r\n\t\t\t\t<\/div>\r\n\t\t\t<\/div>\r\n\r\n\t\t\t\t<!-- End: List Panel -->\r\n\t<\/div>\r\n\r\n<\/div><\/div><\/div><\/div><\/div><\/div><\/div>","protected":false},"excerpt":{"rendered":"<p>\u017demiau yra keletas da\u017eniausiai u\u017eduodam\u0173 klausim\u0173 ir atsakym\u0173 apie mano paslaugas. Jei jums [&hellip;]<\/p>\n","protected":false},"author":1,"featured_media":0,"parent":0,"menu_order":0,"comment_status":"closed","ping_status":"closed","template":"","meta":{"footnotes":""},"class_list":["post-27","page","type-page","status-publish","hentry"],"_links":{"self":[{"href":"https:\/\/laistau.lt\/index.php?rest_route=\/wp\/v2\/pages\/27","targetHints":{"allow":["GET"]}}],"collection":[{"href":"https:\/\/laistau.lt\/index.php?rest_route=\/wp\/v2\/pages"}],"about":[{"href":"https:\/\/laistau.lt\/index.php?rest_route=\/wp\/v2\/types\/page"}],"author":[{"embeddable":true,"href":"https:\/\/laistau.lt\/index.php?rest_route=\/wp\/v2\/users\/1"}],"replies":[{"embeddable":true,"href":"https:\/\/laistau.lt\/index.php?rest_route=%2Fwp%2Fv2%2Fcomments&post=27"}],"version-history":[{"count":37,"href":"https:\/\/laistau.lt\/index.php?rest_route=\/wp\/v2\/pages\/27\/revisions"}],"predecessor-version":[{"id":6800,"href":"https:\/\/laistau.lt\/index.php?rest_route=\/wp\/v2\/pages\/27\/revisions\/6800"}],"wp:attachment":[{"href":"https:\/\/laistau.lt\/index.php?rest_route=%2Fwp%2Fv2%2Fmedia&parent=27"}],"curies":[{"name":"wp","href":"https:\/\/api.w.org\/{rel}","templated":true}]}}