

{"id":4991,"date":"2016-05-11T08:50:01","date_gmt":"2016-05-11T05:50:01","guid":{"rendered":"http:\/\/landscaping.thimpress.com\/?page_id=4991"},"modified":"2021-03-04T12:48:03","modified_gmt":"2021-03-04T10:48:03","slug":"paslaugos","status":"publish","type":"page","link":"https:\/\/laistau.lt\/?page_id=4991","title":{"rendered":"Paslaugos"},"content":{"rendered":"<div id=\"pl-4991\"  class=\"panel-layout\" ><div id=\"pg-4991-0\"  class=\"panel-grid panel-has-style\" ><div class=\"thim-bg-tile panel-row-style panel-row-style-for-4991-0\" ><div id=\"pgc-4991-0-0\"  class=\"panel-grid-cell\" ><div id=\"panel-4991-0-0-0\" class=\"so-panel widget widget_heading panel-first-child\" data-index=\"0\" ><div class=\"panel-widget-style panel-widget-style-for-4991-0-0-0\" ><div class=\"thim-widget-heading thim-widget-heading-base template-base\"><div class=\"thim-heading text-center \"><div class=\"sc-heading article_heading \" style=\";\"><h3 style=\"font-size:24px;font-weight:bold;font-style:inherit;\" class=\"heading__primary wrapper-line-heading\"><span><\/span><span class=\"title-text\">Mano <span>Paslaugos<\/span><\/span><span><\/span><\/h3><span class=\"line-heading\"  style=\"border-color: \"><\/span><\/div><\/div><\/div><\/div><\/div><div id=\"panel-4991-0-0-1\" class=\"so-panel widget widget_text panel-last-child\" data-index=\"1\" ><div class=\"panel-widget-style panel-widget-style-for-4991-0-0-1\" >\t\t\t<div class=\"textwidget\"><ul>\n<li>\u012erengsiu Laistymo Sistem\u0105 vejai, g\u0117lynams, med\u017eiams, gyvatvor\u0117ms, sportinei vejai ir dirbtin\u0117ms dangoms ir kt.<\/li>\n<li>Naujam gyvenimui prikelsiu bet kurio gamintojo laistymo ar ap\u0161vietimo sistem\u0105!<\/li>\n<li>\u012erengsiu Jums saugi\u0105 12V ap\u0161vietimo sistem\u0105 g\u0117lynams, med\u017eiams, gyvatvor\u0117ms, ir kt.<\/li>\n<\/ul>\n<\/div>\n\t\t<\/div><\/div><\/div><\/div><\/div><div id=\"pg-4991-1\"  class=\"panel-grid panel-has-style\" ><div class=\"thim-bg-tile panel-row-style panel-row-style-for-4991-1\" ><div id=\"pgc-4991-1-0\"  class=\"panel-grid-cell\" ><div id=\"panel-4991-1-0-0\" class=\"so-panel widget widget_box panel-first-child panel-last-child\" data-index=\"2\" ><div class=\"thim-widget-box thim-widget-box-base template-simple\">\r\n<div\r\n\tclass=\"thim-box-simple  text-center image-at-top \"\r\n\tstyle=\"\">\r\n\t<div class=\"inner\">\r\n\r\n\t\t\r\n\t\t\t<div class=\"media\" style=\"overflow: visible;\">\r\n\t\t\t\t<img decoding=\"async\" src=\"https:\/\/laistau.lt\/wp-content\/uploads\/2021\/03\/purkstukas_small.jpg\" alt=\"purkstukas_small\">\t\t\t<\/div>\r\n\t\t\r\n\t\t<div class=\"box-content\" style=\"\">\r\n\t\t\t<a href=\"https:\/\/laistau.lt\/?page_id=5199\"><h3 class=\"title\" style=\"font-size: 24px;font-weight: 700;line-height: 1.6em;\">Laistymo sistemos<\/h3><\/a><div class=\"description\" style=\"\">Laistymo sistem\u0173 projektavimas, \u012frengimas ir prie\u017ei\u016bra.<\/div><a class=\"thim-button readmore style7\" href=\"https:\/\/laistau.lt\/?page_id=5199\">Pla\u010diau<\/a>\t\t<\/div>\r\n\r\n\t<\/div>\r\n\r\n<\/div>\r\n\r\n<\/div><\/div><\/div><div id=\"pgc-4991-1-1\"  class=\"panel-grid-cell\" ><div id=\"panel-4991-1-1-0\" class=\"so-panel widget widget_box panel-first-child panel-last-child\" data-index=\"3\" ><div class=\"thim-widget-box thim-widget-box-base template-simple\">\r\n<div\r\n\tclass=\"thim-box-simple  text-center image-at-top \"\r\n\tstyle=\"\">\r\n\t<div class=\"inner\">\r\n\r\n\t\t\r\n\t\t\t<div class=\"media\" style=\"overflow: visible;\">\r\n\t\t\t\t<img decoding=\"async\" src=\"https:\/\/laistau.lt\/wp-content\/uploads\/2021\/03\/remontas_small.jpg\" alt=\"remontas_small\">\t\t\t<\/div>\r\n\t\t\r\n\t\t<div class=\"box-content\" style=\"\">\r\n\t\t\t<a href=\"https:\/\/laistau.lt\/?page_id=5205\"><h3 class=\"title\" style=\"font-size: 24px;font-weight: 700;line-height: 1.6em;\">Servisas<\/h3><\/a><div class=\"description\" style=\"\">Laistymo ir ap\u0161vietimo sistem\u0173 remontas ir prie\u017ei\u016bra.<\/div><a class=\"thim-button readmore style7\" href=\"https:\/\/laistau.lt\/?page_id=5205\">Pla\u010diau<\/a>\t\t<\/div>\r\n\r\n\t<\/div>\r\n\r\n<\/div>\r\n\r\n<\/div><\/div><\/div><div id=\"pgc-4991-1-2\"  class=\"panel-grid-cell\" ><div id=\"panel-4991-1-2-0\" class=\"so-panel widget widget_box panel-first-child panel-last-child\" data-index=\"4\" ><div class=\"thim-widget-box thim-widget-box-base template-simple\">\r\n<div\r\n\tclass=\"thim-box-simple  text-center image-at-top \"\r\n\tstyle=\"\">\r\n\t<div class=\"inner\">\r\n\r\n\t\t\r\n\t\t\t<div class=\"media\" style=\"overflow: visible;\">\r\n\t\t\t\t<img decoding=\"async\" src=\"https:\/\/laistau.lt\/wp-content\/uploads\/2021\/03\/apsvietimas_small.jpg\" alt=\"apsvietimas_small\">\t\t\t<\/div>\r\n\t\t\r\n\t\t<div class=\"box-content\" style=\"\">\r\n\t\t\t<a href=\"https:\/\/laistau.lt\/?page_id=5203\"><h3 class=\"title\" style=\"font-size: 24px;font-weight: 700;line-height: 1.6em;\">Ap\u0161vietimo sistemos<\/h3><\/a><div class=\"description\" style=\"\">Saugi\u0173 12V ap\u0161vietimo sistem\u0173 \u012frengimas.<\/div><a class=\"thim-button readmore style7\" href=\"https:\/\/laistau.lt\/?page_id=5203\">Pla\u010diau<\/a>\t\t<\/div>\r\n\r\n\t<\/div>\r\n\r\n<\/div>\r\n\r\n<\/div><\/div><\/div><\/div><\/div><\/div>","protected":false},"excerpt":{"rendered":"<p>\u012erengsiu Laistymo Sistem\u0105 vejai, g\u0117lynams, med\u017eiams, gyvatvor\u0117ms, sportinei vejai ir dirbtin\u0117ms dangoms ir [&hellip;]<\/p>\n","protected":false},"author":1,"featured_media":0,"parent":0,"menu_order":0,"comment_status":"closed","ping_status":"closed","template":"","meta":{"footnotes":""},"class_list":["post-4991","page","type-page","status-publish","hentry"],"_links":{"self":[{"href":"https:\/\/laistau.lt\/index.php?rest_route=\/wp\/v2\/pages\/4991","targetHints":{"allow":["GET"]}}],"collection":[{"href":"https:\/\/laistau.lt\/index.php?rest_route=\/wp\/v2\/pages"}],"about":[{"href":"https:\/\/laistau.lt\/index.php?rest_route=\/wp\/v2\/types\/page"}],"author":[{"embeddable":true,"href":"https:\/\/laistau.lt\/index.php?rest_route=\/wp\/v2\/users\/1"}],"replies":[{"embeddable":true,"href":"https:\/\/laistau.lt\/index.php?rest_route=%2Fwp%2Fv2%2Fcomments&post=4991"}],"version-history":[{"count":13,"href":"https:\/\/laistau.lt\/index.php?rest_route=\/wp\/v2\/pages\/4991\/revisions"}],"predecessor-version":[{"id":6230,"href":"https:\/\/laistau.lt\/index.php?rest_route=\/wp\/v2\/pages\/4991\/revisions\/6230"}],"wp:attachment":[{"href":"https:\/\/laistau.lt\/index.php?rest_route=%2Fwp%2Fv2%2Fmedia&parent=4991"}],"curies":[{"name":"wp","href":"https:\/\/api.w.org\/{rel}","templated":true}]}}