

{"id":5199,"date":"2016-06-23T09:14:51","date_gmt":"2016-06-23T06:14:51","guid":{"rendered":"http:\/\/landscaping.thimpress.com\/?page_id=5199"},"modified":"2021-02-26T15:27:35","modified_gmt":"2021-02-26T13:27:35","slug":"laistymo-sistemos","status":"publish","type":"page","link":"https:\/\/laistau.lt\/?page_id=5199","title":{"rendered":"Laistymo Sistemos"},"content":{"rendered":"<div id=\"pl-5199\"  class=\"panel-layout\" ><div id=\"pg-5199-0\"  class=\"panel-grid panel-no-style\" ><div id=\"pgc-5199-0-0\"  class=\"panel-grid-cell\" ><div id=\"panel-5199-0-0-1\" class=\"so-panel widget widget_single-image\" data-index=\"1\" ><div class=\"thim-widget-single-image thim-widget-single-image-base template-base\">\r\n<div\r\n\tclass=\"thim-single-image thim_layout_special effect-hover\">\r\n\t<div class=\"wrapper-image\"><div class=\"single-image left\"><a target=\"_self\" href=\"https:\/\/laistau.lt\/?page_id=199\"><img src =\"https:\/\/laistau.lt\/wp-content\/uploads\/2021\/02\/galerija.jpg\" alt=\"Laistymo Sistemos\"\/><\/a><a target=\"_self\" href=\"https:\/\/laistau.lt\/?page_id=199\"><h3 class=\"widget-title\">Foto Galerija<\/h3><\/a><\/div><\/div><\/div>\r\n<\/div><\/div><div id=\"panel-5199-0-0-2\" class=\"so-panel widget widget_heading\" data-index=\"2\" ><div class=\"thim-widget-heading thim-widget-heading-base template-base\"><div class=\"thim-heading text-left \"><div class=\"sc-heading article_heading no-title \" style=\";\"><span class=\"line-heading\"  style=\"border-color: \"><\/span><\/div><\/div><\/div><\/div><div id=\"panel-5199-0-0-3\" class=\"so-panel widget widget_sow-editor panel-last-child\" data-index=\"3\" ><div class=\"panel-widget-style panel-widget-style-for-5199-0-0-3\" ><div class=\"so-widget-sow-editor so-widget-sow-editor-base\">\r\n<div class=\"siteorigin-widget-tinymce textwidget\">\r\n\t<\/div>\r\n<\/div><\/div><\/div><\/div><div id=\"pgc-5199-0-1\"  class=\"panel-grid-cell\" ><div id=\"panel-5199-0-1-0\" class=\"so-panel widget widget_images-slider panel-first-child\" data-index=\"4\" ><div class=\"thim-widget-images-slider thim-widget-images-slider-base template-base\"><div id=\"thim-images-flex-slider\" class=\"thim-images-flex-slider thim-images-slider\"><ul class=\"slides\" data-count=\"8\"><\/ul><\/div><div id=\"thim-images-thumbnail\" class=\"thim-images-thumbnail thim-images-slider\"><ul class=\"slides\"><\/ul><\/div>\r\n<\/div><\/div><div id=\"panel-5199-0-1-1\" class=\"so-panel widget widget_sow-editor\" data-index=\"5\" ><div class=\"so-widget-sow-editor so-widget-sow-editor-base\">\r\n<div class=\"siteorigin-widget-tinymce textwidget\">\r\n\t<h3 style=\"font-weight: 400; margin-bottom: 20px;\">Laistymo sistem\u0173 projektavimas ir \u012frengimas<\/h3>\n<blockquote style=\"color: #7a7a7a;\">\n<p>\u012erengsiu Laistymo Sistem\u0105 vejai, g\u0117lynams, med\u017eiams, gyvatvor\u0117ms, sportinei vejai ir dirbtin\u0117ms dangoms ir kt.<\/p>\n<\/blockquote>\n<p>A\u0161 prisiimu visi\u0161k\u0105 J\u016bs\u0173 projekto s\u0117kmingo \u012fgyvendinimo atsakomyb\u0119. A\u0161 suprantu, kaip svarbu u\u017emegzti gerus bendravimo ir darbo santykius su savo klientais. Mano \u012franga yra \u0161iuolaiki\u0161ka ir gerai pri\u017ei\u016brima, o darbo saugos praktikos yra i\u0161samios ir grie\u017etos. Dirbu tik su vanden\u012f tausojan\u010diomis sistemomis, kurios taupo J\u016bs\u0173 pinigus ir kasmetines i\u0161laidas prie\u017ei\u016brai, bei u\u017etikrina skland\u0173 veikim\u0105 daugybei met\u0173. Visada siekiu \u017eengti koja kojon su naujausiomis technologijomis ir dr\u0117kinimo pramon\u0117s metodais. \u012esipareigoju visiems savo klient\u0173 poreikiams ir \u012fgyvendinu visus norus. Profesional\u016bs darbo \u012frankiai, tran\u0161\u0117j\u0173 ekskavatoriai ir gr\u0119\u017eimo prietaisai u\u017etikrina skland\u017eius darbus ir kaip \u012fmanoma ma\u017eesn\u012f J\u016bs\u0173 gerb\u016bvio sutrikdym\u0105. Apsaugokite savo investicijas ir b\u016bkite ram\u016bs, kad J\u016bs\u0173 veja ir kra\u0161tovaizdis klest\u0117s, d\u0117ka profesionaliai \u012fdiegtos dr\u0117kinimo sistemos.<\/p>\n<p>&nbsp;<\/p>\n<p>&nbsp;<\/p>\n<\/div>\r\n<\/div><\/div><div id=\"panel-5199-0-1-2\" class=\"so-panel widget widget_sow-editor panel-last-child\" data-index=\"6\" ><div class=\"so-widget-sow-editor so-widget-sow-editor-base\">\r\n<div class=\"siteorigin-widget-tinymce textwidget\">\r\n\t<h3 style=\"font-weight: 400; margin-bottom: 20px;\">Kainos<\/h3>\n<table class=\"super-table\">\n<tbody>\n<tr>\n<td>Ma\u017ea vejos laistymo sistema (veja iki 2a)<span class=\"pull-right\">\u20ac1000.00<\/span><\/td>\n<td>Labai didel\u0117 vejos laistymo sistema (veja vir\u0161 20a)<span class=\"pull-right\">\u20ac3000.00<\/span><\/td>\n<\/tr>\n<tr>\n<td>Vidutin\u0117 vejos laistymo sistema (veja iki 5a)<span class=\"pull-right\">\u20ac1500.00<\/span><\/td>\n<td>\u0160iltnamio laistymo sistema<span class=\"pull-right\">\u20ac250.00<\/span><\/td>\n<\/tr>\n<tr>\n<td>Didel\u0117 vejos laistymo sistema (veja iki 10a)<span class=\"pull-right\">\u20ac2000.00<\/span><\/td>\n<td>Kapiliarinio laistymo g\u0117lynams sistema<span class=\"pull-right\">nuo \u20ac300.00<\/span><\/td>\n<\/tr>\n<\/tbody>\n<\/table>\n<\/div>\r\n<\/div><\/div><\/div><\/div><\/div>","protected":false},"excerpt":{"rendered":"<p>At Landscaping WP we provide a complete grounds management service for clients for schools and colleges.<\/p>\n","protected":false},"author":1,"featured_media":0,"parent":4991,"menu_order":0,"comment_status":"closed","ping_status":"closed","template":"","meta":{"footnotes":""},"class_list":["post-5199","page","type-page","status-publish","hentry"],"_links":{"self":[{"href":"https:\/\/laistau.lt\/index.php?rest_route=\/wp\/v2\/pages\/5199","targetHints":{"allow":["GET"]}}],"collection":[{"href":"https:\/\/laistau.lt\/index.php?rest_route=\/wp\/v2\/pages"}],"about":[{"href":"https:\/\/laistau.lt\/index.php?rest_route=\/wp\/v2\/types\/page"}],"author":[{"embeddable":true,"href":"https:\/\/laistau.lt\/index.php?rest_route=\/wp\/v2\/users\/1"}],"replies":[{"embeddable":true,"href":"https:\/\/laistau.lt\/index.php?rest_route=%2Fwp%2Fv2%2Fcomments&post=5199"}],"version-history":[{"count":57,"href":"https:\/\/laistau.lt\/index.php?rest_route=\/wp\/v2\/pages\/5199\/revisions"}],"predecessor-version":[{"id":6047,"href":"https:\/\/laistau.lt\/index.php?rest_route=\/wp\/v2\/pages\/5199\/revisions\/6047"}],"up":[{"embeddable":true,"href":"https:\/\/laistau.lt\/index.php?rest_route=\/wp\/v2\/pages\/4991"}],"wp:attachment":[{"href":"https:\/\/laistau.lt\/index.php?rest_route=%2Fwp%2Fv2%2Fmedia&parent=5199"}],"curies":[{"name":"wp","href":"https:\/\/api.w.org\/{rel}","templated":true}]}}