

{"id":5203,"date":"2016-06-23T09:16:23","date_gmt":"2016-06-23T06:16:23","guid":{"rendered":"http:\/\/landscaping.thimpress.com\/?page_id=5203"},"modified":"2021-02-26T15:27:20","modified_gmt":"2021-02-26T13:27:20","slug":"apsvietimo-sistemos","status":"publish","type":"page","link":"https:\/\/laistau.lt\/?page_id=5203","title":{"rendered":"Ap\u0161vietimo Sistemos"},"content":{"rendered":"<div id=\"pl-5203\"  class=\"panel-layout\" ><div id=\"pg-5203-0\"  class=\"panel-grid panel-no-style\" ><div id=\"pgc-5203-0-0\"  class=\"panel-grid-cell\" ><div id=\"panel-5203-0-0-1\" class=\"so-panel widget widget_single-image\" data-index=\"1\" ><div class=\"thim-widget-single-image thim-widget-single-image-base template-base\">\r\n<div\r\n\tclass=\"thim-single-image thim_layout_special effect-hover\">\r\n\t<div class=\"wrapper-image\"><div class=\"single-image left\"><a target=\"_self\" href=\"https:\/\/laistau.lt\/?page_id=199\"><img src =\"https:\/\/laistau.lt\/wp-content\/uploads\/2021\/02\/apsvietimasgalerija.jpg\" alt=\"Ap\u0161vietimo Sistemos\"\/><\/a><a target=\"_self\" href=\"https:\/\/laistau.lt\/?page_id=199\"><h3 class=\"widget-title\">Foto Galerija<\/h3><\/a><\/div><\/div><\/div>\r\n<\/div><\/div><div id=\"panel-5203-0-0-2\" class=\"so-panel widget widget_heading\" data-index=\"2\" ><div class=\"thim-widget-heading thim-widget-heading-base template-base\"><div class=\"thim-heading text-left \"><div class=\"sc-heading article_heading no-title \" style=\";\"><span class=\"line-heading\"  style=\"border-color: \"><\/span><\/div><\/div><\/div><\/div><div id=\"panel-5203-0-0-3\" class=\"so-panel widget widget_sow-editor panel-last-child\" data-index=\"3\" ><div class=\"panel-widget-style panel-widget-style-for-5203-0-0-3\" ><div class=\"so-widget-sow-editor so-widget-sow-editor-base\">\r\n<div class=\"siteorigin-widget-tinymce textwidget\">\r\n\t<\/div>\r\n<\/div><\/div><\/div><\/div><div id=\"pgc-5203-0-1\"  class=\"panel-grid-cell\" ><div id=\"panel-5203-0-1-0\" class=\"so-panel widget widget_images-slider panel-first-child\" data-index=\"4\" ><div class=\"thim-widget-images-slider thim-widget-images-slider-base template-base\"><div id=\"thim-images-flex-slider\" class=\"thim-images-flex-slider thim-images-slider\"><ul class=\"slides\" data-count=\"1\"><\/ul><\/div><div id=\"thim-images-thumbnail\" class=\"thim-images-thumbnail thim-images-slider\"><ul class=\"slides\"><\/ul><\/div>\r\n<\/div><\/div><div id=\"panel-5203-0-1-1\" class=\"so-panel widget widget_sow-editor\" data-index=\"5\" ><div class=\"so-widget-sow-editor so-widget-sow-editor-base\">\r\n<div class=\"siteorigin-widget-tinymce textwidget\">\r\n\t<h3 style=\"font-weight: 400; margin-bottom: 20px;\">Ap\u0161vietimo sistem\u0173 projektavimas ir \u012frengimas<\/h3>\n<blockquote style=\"color: #7a7a7a;\">\n<p>\u012erengsiu Jums saugi\u0105 12V ap\u0161vietimo sistem\u0105 g\u0117lynams, med\u017eiams, gyvatvor\u0117ms, ir kt.<\/p>\n<\/blockquote>\n<p>A\u0161 prisiimu visi\u0161k\u0105 J\u016bs\u0173 projekto s\u0117kmingo \u012fgyvendinimo atsakomyb\u0119. A\u0161 suprantu, kaip svarbu u\u017emegzti gerus bendravimo ir darbo santykius su savo klientais. Mano \u012franga yra \u0161iuolaiki\u0161ka ir gerai pri\u017ei\u016brima, o darbo saugos praktikos yra i\u0161samios ir grie\u017etos. Dirbu tik su saugiomis 12V sistemomis, kurios taupo J\u016bs\u0173 pinigus ir kasmetines i\u0161laidas prie\u017ei\u016brai, bei u\u017etikrina skland\u0173 veikim\u0105 daugybei met\u0173. Visada siekiu \u017eengti koja kojon su naujausiomis technologijomis. \u012esipareigoju visiems savo klient\u0173 poreikiams ir \u012fgyvendinu visus norus. Profesional\u016bs darbo \u012frankiai, tran\u0161\u0117j\u0173 ekskavatoriai ir gr\u0119\u017eimo prietaisai u\u017etikrina skland\u017eius darbus ir kaip \u012fmanoma ma\u017eesn\u012f J\u016bs\u0173 gerb\u016bvio sutrikdym\u0105. Apsaugokite investicijas ir m\u0117gaukit\u0117s savo kra\u0161tovaizd\u017eiu ne tik vasaros dienomis, bet ir ilgais \u017eiemos vakarais, d\u0117ka profesionaliai \u012frengtos ap\u0161vietimo sistemos.<\/p>\n<p>&nbsp;<\/p>\n<\/div>\r\n<\/div><\/div><div id=\"panel-5203-0-1-2\" class=\"so-panel widget widget_sow-editor panel-last-child\" data-index=\"6\" ><div class=\"so-widget-sow-editor so-widget-sow-editor-base\">\r\n<div class=\"siteorigin-widget-tinymce textwidget\">\r\n\t<h3 style=\"font-weight: 400; margin-bottom: 20px;\">Kainos<\/h3>\n<table class=\"super-table\">\n<tbody>\n<tr>\n<td>Nesud\u0117tingos ap\u0161vietimo sistemos \u012frengimas<span class=\"pull-right\">\u20ac800.00<\/span><\/td>\n<td>Pilno land\u0161afto ap\u0161vietimo sistemos \u012frengimas<span class=\"pull-right\">\u20ac2000.00<\/span><\/td>\n<\/tr>\n<\/tbody>\n<\/table>\n<\/div>\r\n<\/div><\/div><\/div><\/div><\/div>","protected":false},"excerpt":{"rendered":"<p>The safety of staff and visitors is paramount for any business or organization, but heavy snow or ice can leave the car.<\/p>\n","protected":false},"author":1,"featured_media":5563,"parent":4991,"menu_order":0,"comment_status":"closed","ping_status":"closed","template":"","meta":{"footnotes":""},"class_list":["post-5203","page","type-page","status-publish","has-post-thumbnail","hentry"],"_links":{"self":[{"href":"https:\/\/laistau.lt\/index.php?rest_route=\/wp\/v2\/pages\/5203","targetHints":{"allow":["GET"]}}],"collection":[{"href":"https:\/\/laistau.lt\/index.php?rest_route=\/wp\/v2\/pages"}],"about":[{"href":"https:\/\/laistau.lt\/index.php?rest_route=\/wp\/v2\/types\/page"}],"author":[{"embeddable":true,"href":"https:\/\/laistau.lt\/index.php?rest_route=\/wp\/v2\/users\/1"}],"replies":[{"embeddable":true,"href":"https:\/\/laistau.lt\/index.php?rest_route=%2Fwp%2Fv2%2Fcomments&post=5203"}],"version-history":[{"count":11,"href":"https:\/\/laistau.lt\/index.php?rest_route=\/wp\/v2\/pages\/5203\/revisions"}],"predecessor-version":[{"id":6137,"href":"https:\/\/laistau.lt\/index.php?rest_route=\/wp\/v2\/pages\/5203\/revisions\/6137"}],"up":[{"embeddable":true,"href":"https:\/\/laistau.lt\/index.php?rest_route=\/wp\/v2\/pages\/4991"}],"wp:featuredmedia":[{"embeddable":true,"href":"https:\/\/laistau.lt\/index.php?rest_route=\/wp\/v2\/media\/5563"}],"wp:attachment":[{"href":"https:\/\/laistau.lt\/index.php?rest_route=%2Fwp%2Fv2%2Fmedia&parent=5203"}],"curies":[{"name":"wp","href":"https:\/\/api.w.org\/{rel}","templated":true}]}}