

{"id":5205,"date":"2016-06-23T09:35:10","date_gmt":"2016-06-23T06:35:10","guid":{"rendered":"http:\/\/landscaping.thimpress.com\/?page_id=5205"},"modified":"2021-02-26T15:27:49","modified_gmt":"2021-02-26T13:27:49","slug":"servisas","status":"publish","type":"page","link":"https:\/\/laistau.lt\/?page_id=5205","title":{"rendered":"Servisas"},"content":{"rendered":"<div id=\"pl-5205\"  class=\"panel-layout\" ><div id=\"pg-5205-0\"  class=\"panel-grid panel-no-style\" ><div id=\"pgc-5205-0-0\"  class=\"panel-grid-cell\" ><div id=\"panel-5205-0-0-1\" class=\"so-panel widget widget_single-image\" data-index=\"1\" ><div class=\"thim-widget-single-image thim-widget-single-image-base template-base\">\r\n<div\r\n\tclass=\"thim-single-image thim_layout_special effect-hover\">\r\n\t<div class=\"wrapper-image\"><div class=\"single-image left\"><a target=\"_self\" href=\"https:\/\/laistau.lt\/?page_id=199\"><img src =\"https:\/\/laistau.lt\/wp-content\/uploads\/2021\/02\/remontasgalerija.jpg\" alt=\"Servisas\"\/><\/a><a target=\"_self\" href=\"https:\/\/laistau.lt\/?page_id=199\"><h3 class=\"widget-title\">Foto Galerija<\/h3><\/a><\/div><\/div><\/div>\r\n<\/div><\/div><div id=\"panel-5205-0-0-2\" class=\"so-panel widget widget_heading\" data-index=\"2\" ><div class=\"thim-widget-heading thim-widget-heading-base template-base\"><div class=\"thim-heading text-left \"><div class=\"sc-heading article_heading no-title \" style=\";\"><span class=\"line-heading\"  style=\"border-color: \"><\/span><\/div><\/div><\/div><\/div><div id=\"panel-5205-0-0-3\" class=\"so-panel widget widget_sow-editor panel-last-child\" data-index=\"3\" ><div class=\"panel-widget-style panel-widget-style-for-5205-0-0-3\" ><div class=\"so-widget-sow-editor so-widget-sow-editor-base\">\r\n<div class=\"siteorigin-widget-tinymce textwidget\">\r\n\t<\/div>\r\n<\/div><\/div><\/div><\/div><div id=\"pgc-5205-0-1\"  class=\"panel-grid-cell\" ><div id=\"panel-5205-0-1-0\" class=\"so-panel widget widget_images-slider panel-first-child\" data-index=\"4\" ><div class=\"thim-widget-images-slider thim-widget-images-slider-base template-base\"><div id=\"thim-images-flex-slider\" class=\"thim-images-flex-slider thim-images-slider\"><ul class=\"slides\" data-count=\"1\"><\/ul><\/div><div id=\"thim-images-thumbnail\" class=\"thim-images-thumbnail thim-images-slider\"><ul class=\"slides\"><\/ul><\/div>\r\n<\/div><\/div><div id=\"panel-5205-0-1-1\" class=\"so-panel widget widget_sow-editor\" data-index=\"5\" ><div class=\"so-widget-sow-editor so-widget-sow-editor-base\">\r\n<div class=\"siteorigin-widget-tinymce textwidget\">\r\n\t<h3 style=\"font-weight: 400; margin-bottom: 20px;\">Laistymo ir ap\u0161vietimo sistem\u0173 profilaktikos ir remonto darbai<\/h3>\n<blockquote style=\"color: #7a7a7a;\">\n<p>Naujam gyvenimui prikelsiu bet kurio gamintojo laistymo ar ap\u0161vietimo sistem\u0105!<\/p>\n<\/blockquote>\n<p>Ar tai b\u016bt\u0173 tik purk\u0161tuk\u0173 ir valdiklio sureguliavimas, ar pilna blogos ar nenebeveikian\u010dios sistemos renovacija. Taip pat paruo\u0161iu J\u016bs\u0173 laistymo sistem\u0105 \u017eiemai, o pavasar\u012f paleisiu darbui naujam sezonui.<\/p>\n<\/div>\r\n<\/div><\/div><div id=\"panel-5205-0-1-2\" class=\"so-panel widget widget_sow-editor panel-last-child\" data-index=\"6\" ><div class=\"so-widget-sow-editor so-widget-sow-editor-base\">\r\n<div class=\"siteorigin-widget-tinymce textwidget\">\r\n\t<h3 style=\"font-weight: 400; margin-bottom: 20px;\">Kainos<\/h3>\n<table class=\"super-table\">\n<tbody>\n<tr>\n<td>Laistymo sistemos paruo\u0161imas \u017eiemai<span class=\"pull-right\">nuo \u20ac30.00<\/span><\/td>\n<td>Laistymo sistemos paleidimas pavasar\u012f<span class=\"pull-right\">\u20ac30.00<\/span><\/td>\n<\/tr>\n<tr>\n<td>Laistymo sistemos profilaktika<span class=\"pull-right\">\u20ac30.00<\/span><\/td>\n<td>Valdiklio ir purk\u0161tuk\u0173 sureguliavimas<span class=\"pull-right\">\u20ac30.00<\/span><\/td>\n<\/tr>\n<tr>\n<\/tr>\n<\/tbody>\n<\/table>\n<\/div>\r\n<\/div><\/div><\/div><\/div><\/div>","protected":false},"excerpt":{"rendered":"<p>As competing demands for water has transformed the ancient art of irrigation to science, Landscaping WP stands at the forefront.<\/p>\n","protected":false},"author":1,"featured_media":0,"parent":4991,"menu_order":0,"comment_status":"closed","ping_status":"closed","template":"","meta":{"footnotes":""},"class_list":["post-5205","page","type-page","status-publish","hentry"],"_links":{"self":[{"href":"https:\/\/laistau.lt\/index.php?rest_route=\/wp\/v2\/pages\/5205","targetHints":{"allow":["GET"]}}],"collection":[{"href":"https:\/\/laistau.lt\/index.php?rest_route=\/wp\/v2\/pages"}],"about":[{"href":"https:\/\/laistau.lt\/index.php?rest_route=\/wp\/v2\/types\/page"}],"author":[{"embeddable":true,"href":"https:\/\/laistau.lt\/index.php?rest_route=\/wp\/v2\/users\/1"}],"replies":[{"embeddable":true,"href":"https:\/\/laistau.lt\/index.php?rest_route=%2Fwp%2Fv2%2Fcomments&post=5205"}],"version-history":[{"count":26,"href":"https:\/\/laistau.lt\/index.php?rest_route=\/wp\/v2\/pages\/5205\/revisions"}],"predecessor-version":[{"id":6246,"href":"https:\/\/laistau.lt\/index.php?rest_route=\/wp\/v2\/pages\/5205\/revisions\/6246"}],"up":[{"embeddable":true,"href":"https:\/\/laistau.lt\/index.php?rest_route=\/wp\/v2\/pages\/4991"}],"wp:attachment":[{"href":"https:\/\/laistau.lt\/index.php?rest_route=%2Fwp%2Fv2%2Fmedia&parent=5205"}],"curies":[{"name":"wp","href":"https:\/\/api.w.org\/{rel}","templated":true}]}}