

{"id":5359,"date":"2016-04-25T14:29:34","date_gmt":"2016-04-25T11:29:34","guid":{"rendered":"http:\/\/landscaping.thimpress.com\/?page_id=10"},"modified":"2021-03-04T12:46:45","modified_gmt":"2021-03-04T10:46:45","slug":"apie-mane","status":"publish","type":"page","link":"https:\/\/laistau.lt\/?page_id=5359","title":{"rendered":"Apie mane"},"content":{"rendered":"<div id=\"pl-5359\"  class=\"panel-layout\" ><div id=\"pg-5359-0\"  class=\"panel-grid panel-no-style\" ><div id=\"pgc-5359-0-0\"  class=\"panel-grid-cell\" ><div id=\"panel-5359-0-0-0\" class=\"so-panel widget widget_heading panel-first-child\" data-index=\"0\" ><div class=\"thim-widget-heading thim-widget-heading-base template-base\"><div class=\"thim-heading text-center \"><div class=\"sc-heading article_heading \" style=\";\"><h3 class=\"heading__primary wrapper-line-heading\"><span><\/span><span class=\"title-text\">Kas <span>A\u0161 Esu<\/span><\/span><span><\/span><\/h3><span class=\"line-heading\"  style=\"border-color: \"><\/span><\/div><\/div><\/div><\/div><div id=\"panel-5359-0-0-1\" class=\"so-panel widget widget_sow-editor panel-last-child\" data-index=\"1\" ><div class=\"panel-widget-style panel-widget-style-for-5359-0-0-1\" ><div class=\"so-widget-sow-editor so-widget-sow-editor-base\">\r\n<div class=\"siteorigin-widget-tinymce textwidget\">\r\n\t<p>Prad\u0117j\u0119s savaranki\u0161k\u0105 veikl\u0105 2015 metais, atlieku gyvenam\u0173j\u0173 ir komercini\u0173 objekt\u0173 dr\u0117kinimo ir ap\u0161vietimo sistem\u0173 projektavimo, montavimo ir prie\u017ei\u016bros paslaugas Kauno apskrityje. Mano darbo \u012frankiai yra \u0161iuolaiki\u0161ki ir gerai pri\u017ei\u016brimi, o darbo saugos praktika yra i\u0161sami ir grie\u017eta. Dirbu tik su vanden\u012f tausojan\u010diomis sistemomis, kurios taupo J\u016bs\u0173 pinigus ir kasmetines i\u0161laidas prie\u017ei\u016brai, bei u\u017etikrina skland\u0173 veikim\u0105 daugybei met\u0173. Visada siekiu \u017eengti koja kojon su naujausiomis technologijomis ir dr\u0117kinimo pramon\u0117s metodais. \u012esipareigoju visiems savo klient\u0173 poreikiams ir \u012fgyvendinu visus norus.<\/p>\n<\/div>\r\n<\/div><\/div><\/div><\/div><\/div><div id=\"pg-5359-1\"  class=\"panel-grid panel-has-style\" ><div class=\"thim-bg-tile panel-row-style panel-row-style-for-5359-1\" ><div id=\"pgc-5359-1-0\"  class=\"panel-grid-cell\" ><div id=\"panel-5359-1-0-0\" class=\"so-panel widget widget_box panel-first-child panel-last-child\" data-index=\"2\" ><div class=\"panel-widget-style panel-widget-style-for-5359-1-0-0\" ><div class=\"thim-widget-box thim-widget-box-base template-simple\">\r\n<div\r\n\tclass=\"thim-box-simple not-line text-left image-at-top \"\r\n\tstyle=\"\">\r\n\t<div class=\"inner\">\r\n\r\n\t\t\r\n\t\t\t<div class=\"media\" style=\"overflow: hidden;\">\r\n\t\t\t\t<img decoding=\"async\" src=\"https:\/\/laistau.lt\/wp-content\/uploads\/2021\/02\/prieziura.jpg\" alt=\"prieziura\">\t\t\t<\/div>\r\n\t\t\r\n\t\t<div class=\"box-content\" style=\"\">\r\n\t\t\t<h3 class=\"title\" style=\"font-size: 18px;font-weight: 300;line-height: 1.6em;\">Veiklos Istorija<\/h3><div class=\"description\" style=\"\">Mano veikla prasid\u0117jo nuo nesud\u0117ting\u0173 kiemo prie\u017ei\u016bros paslaug\u0173. Ta\u010diau paklausa greitai i\u0161augo, o po keli\u0173 m\u0117nesi\u0173 s\u0117kmingos veiklos, klientai jau patys susirasdavo mane. Antraisiais veiklos metais investavau \u012f vis\u0105 reikaling\u0105 tehnik\u0105 ir jau teikiau pilnas paslaugas tiek komerciniams, tiek ir privatiems klientams. Dabar mano veikla teikia visas laistymo ir ap\u0161vietimo sistem\u0173 \u012frengimo ir prie\u017ei\u016bros paslaugas.\n<\/div>\t\t<\/div>\r\n\r\n\t<\/div>\r\n\r\n<\/div>\r\n\r\n<\/div><\/div><\/div><\/div><div id=\"pgc-5359-1-1\"  class=\"panel-grid-cell\" ><div id=\"panel-5359-1-1-0\" class=\"so-panel widget widget_box panel-first-child panel-last-child\" data-index=\"3\" ><div class=\"panel-widget-style panel-widget-style-for-5359-1-1-0\" ><div class=\"thim-widget-box thim-widget-box-base template-simple\">\r\n<div\r\n\tclass=\"thim-box-simple not-line text-left image-at-top \"\r\n\tstyle=\"\">\r\n\t<div class=\"inner\">\r\n\r\n\t\t\r\n\t\t\t<div class=\"media\" style=\"overflow: hidden;\">\r\n\t\t\t\t<img decoding=\"async\" src=\"https:\/\/laistau.lt\/wp-content\/uploads\/2021\/02\/purkstukas-1.jpg\" alt=\"purkstukas\">\t\t\t<\/div>\r\n\t\t\r\n\t\t<div class=\"box-content\" style=\"\">\r\n\t\t\t<h3 class=\"title\" style=\"font-size: 18px;font-weight: 300;line-height: 1.6em;\">Mano filosofija<\/h3><div class=\"description\" style=\"\">Laistau.lt buvo \u012fkurtas ir toliau veikia vadovaujantis s\u0105\u017einingumo, meistri\u0161kumo, profesionalumo ir pa\u017eangos principais. Esu \u012fsipareigoj\u0119s veikti kaip tvarus verslas, teikti novatori\u0161kas paslaugas. Mano veikla ir toliau teiks auk\u0161\u010diausios kokyb\u0117s paslaugas ir i\u0161skirtinius rezultatus savo klientams, i\u0161laikydama nuolatin\u012f pasidid\u017eiavim\u0105 savo puikiais darbo santykiais.<\/div>\t\t<\/div>\r\n\r\n\t<\/div>\r\n\r\n<\/div>\r\n\r\n<\/div><\/div><\/div><\/div><\/div><\/div><div id=\"pg-5359-2\"  class=\"panel-grid panel-has-style\" ><div class=\"siteorigin-panels-stretch thim-bg-tile panel-row-style panel-row-style-for-5359-2\" data-stretch-type=\"full\" ><div id=\"pgc-5359-2-0\"  class=\"panel-grid-cell\" ><div id=\"panel-5359-2-0-0\" class=\"so-panel widget widget_heading panel-first-child panel-last-child\" data-index=\"4\" ><div class=\"thim-widget-heading thim-widget-heading-base template-base\"><div class=\"thim-heading text-center \"><div class=\"sc-heading article_heading \" style=\";\"><h3 class=\"heading__primary wrapper-line-heading\"><span><\/span><span class=\"title-text\">Mano \u012fg\u016bd\u017eiai <span>ir specializacija<\/span><\/span><span><\/span><\/h3><span class=\"line-heading\"  style=\"border-color: \"><\/span><\/div><\/div><\/div><\/div><\/div><\/div><\/div><div id=\"pg-5359-3\"  class=\"panel-grid panel-has-style\" ><div class=\"siteorigin-panels-stretch thim-bg-tile panel-row-style panel-row-style-for-5359-3\" data-stretch-type=\"full\" ><div id=\"pgc-5359-3-0\"  class=\"panel-grid-cell\" ><div id=\"panel-5359-3-0-0\" class=\"so-panel widget widget_sow-editor panel-first-child panel-last-child\" data-index=\"5\" ><div class=\"so-widget-sow-editor so-widget-sow-editor-base\">\r\n<div class=\"siteorigin-widget-tinymce textwidget\">\r\n\t<p>Nesvarbu, ar jus domina pilnas sistemos \u012frengimo projektas ar tik vienas nedidelis remonto darbelis,\u00a0 patyr\u0119s ir kvalifikuotas specialistas pad\u0117s sukurti gra\u017ei\u0105 ir funkcionali\u0105 aplink\u0105, kuri\u0105 \u012fsivaizduojate. Jei \u0161iuo metu dirbate su kra\u0161tovaizd\u017eio architektu arba jei esate kra\u0161tovaizd\u017eio architektas su klientu, kuriam reikalingas rangovas, a\u0161 esu pasireng\u0119s jums pad\u0117ti per vis\u0105 projekto \u012fgyvendinimo proces\u0105. Pad\u0117siu jums atlikti biud\u017eeto planavimo, s\u0105matos sudarymo, projekto valdymo ir tolimesn\u0117s prie\u017ei\u016bros darbus, kad j\u016bs\u0173 projektas i\u0161naudot\u0173 visas savo \u012fgyvendinimo galimybes.<\/p>\n<\/div>\r\n<\/div><\/div><\/div><div id=\"pgc-5359-3-1\"  class=\"panel-grid-cell\" ><div id=\"panel-5359-3-1-0\" class=\"so-panel widget widget_skillbar panel-first-child panel-last-child\" data-index=\"6\" ><div class=\"thim-widget-skillbar thim-widget-skillbar-base template-base\">\r\n<div class=\"thim-skillbar\">\r\n\t\t<!-- List Panel -->\r\n\t\t\t<div class=\"skill\">\r\n\t\t\t<label>Gera vartotojo patirtis<\/label>\r\n\t\t\t<div class=\"skill-line\" data-value=\"70\">\r\n\t\t\t\t<div class=\"line\" data-value=\"70\"><span\r\n\t\t\t\t\t\tclass=\"value\">70%<\/span>\r\n\t\t\t\t<\/div>\r\n\t\t\t<\/div>\r\n\t\t<\/div>\r\n\t\t\t<div class=\"skill\">\r\n\t\t\t<label>K\u016brybi\u0161kos id\u0117jos<\/label>\r\n\t\t\t<div class=\"skill-line\" data-value=\"55\">\r\n\t\t\t\t<div class=\"line\" data-value=\"55\"><span\r\n\t\t\t\t\t\tclass=\"value\">55%<\/span>\r\n\t\t\t\t<\/div>\r\n\t\t\t<\/div>\r\n\t\t<\/div>\r\n\t\t\t<div class=\"skill\">\r\n\t\t\t<label>Projektavimo kokyb\u0117<\/label>\r\n\t\t\t<div class=\"skill-line\" data-value=\"85\">\r\n\t\t\t\t<div class=\"line\" data-value=\"85\"><span\r\n\t\t\t\t\t\tclass=\"value\">85%<\/span>\r\n\t\t\t\t<\/div>\r\n\t\t\t<\/div>\r\n\t\t<\/div>\r\n\t\t<!-- End: List Panel -->\r\n\r\n<\/div><\/div><\/div><\/div><\/div><\/div><\/div>","protected":false},"excerpt":{"rendered":"<p>Prad\u0117j\u0119s savaranki\u0161k\u0105 veikl\u0105 2015 metais, atlieku gyvenam\u0173j\u0173 ir komercini\u0173 objekt\u0173 dr\u0117kinimo ir ap\u0161vietimo [&hellip;]<\/p>\n","protected":false},"author":1,"featured_media":0,"parent":0,"menu_order":0,"comment_status":"closed","ping_status":"closed","template":"","meta":{"footnotes":""},"class_list":["post-5359","page","type-page","status-publish","hentry"],"_links":{"self":[{"href":"https:\/\/laistau.lt\/index.php?rest_route=\/wp\/v2\/pages\/5359","targetHints":{"allow":["GET"]}}],"collection":[{"href":"https:\/\/laistau.lt\/index.php?rest_route=\/wp\/v2\/pages"}],"about":[{"href":"https:\/\/laistau.lt\/index.php?rest_route=\/wp\/v2\/types\/page"}],"author":[{"embeddable":true,"href":"https:\/\/laistau.lt\/index.php?rest_route=\/wp\/v2\/users\/1"}],"replies":[{"embeddable":true,"href":"https:\/\/laistau.lt\/index.php?rest_route=%2Fwp%2Fv2%2Fcomments&post=5359"}],"version-history":[{"count":27,"href":"https:\/\/laistau.lt\/index.php?rest_route=\/wp\/v2\/pages\/5359\/revisions"}],"predecessor-version":[{"id":6388,"href":"https:\/\/laistau.lt\/index.php?rest_route=\/wp\/v2\/pages\/5359\/revisions\/6388"}],"wp:attachment":[{"href":"https:\/\/laistau.lt\/index.php?rest_route=%2Fwp%2Fv2%2Fmedia&parent=5359"}],"curies":[{"name":"wp","href":"https:\/\/api.w.org\/{rel}","templated":true}]}}